{"id":113334,"date":"2023-08-22T14:40:53","date_gmt":"2023-08-22T06:40:53","guid":{"rendered":"https:\/\/www.mobile-well.com\/?post_type=product&#038;p=113334"},"modified":"2023-08-22T14:41:23","modified_gmt":"2023-08-22T06:41:23","slug":"alta-calidad-de-chapado-bisel-de-la-camara-de-engrase-tpu-pc-anti-caida-caso-del-telefono","status":"publish","type":"product","link":"https:\/\/www.mobile-well.com\/es\/producto\/alta-calidad-de-chapado-bisel-de-la-camara-de-engrase-tpu-pc-anti-caida-caso-del-telefono\/","title":{"rendered":"Alta calidad de chapado bisel de la c\u00e1mara de engrase TPU + PC anti-ca\u00edda caso del tel\u00e9fono"},"content":{"rendered":"","protected":false},"excerpt":{"rendered":"<ul>\n<li>Producto NO. : P7270-A12<\/li>\n<li>Material :TPU+PC<\/li>\n<li>Artesan\u00eda: inyecci\u00f3n de aceite + galvanoplastia<\/li>\n<li>MOQ : 100Pcs\/Modelo, 30Pcs\/Color<\/li>\n<li>N.W. del producto : 26.7g<\/li>\n<li>Producto G.W. : 38.8g<\/li>\n<li>Tama\u00f1o CTN : 60*45*33cm , 500pcs\/ctn , 19.40KG<\/li>\n<\/ul>\n","protected":false},"featured_media":113341,"template":"","meta":[],"product_brand":[],"product_cat":[77],"product_tag":[8448],"class_list":{"0":"post-113334","1":"product","2":"type-product","3":"status-publish","4":"has-post-thumbnail","6":"product_cat-fundas","7":"product_tag-tpu-pc-anti-caida-caso-del-telefono","9":"first","10":"instock","11":"shipping-taxable","12":"product-type-simple"},"jetpack_sharing_enabled":true,"_links":{"self":[{"href":"https:\/\/www.mobile-well.com\/es\/wp-json\/wp\/v2\/product\/113334","targetHints":{"allow":["GET"]}}],"collection":[{"href":"https:\/\/www.mobile-well.com\/es\/wp-json\/wp\/v2\/product"}],"about":[{"href":"https:\/\/www.mobile-well.com\/es\/wp-json\/wp\/v2\/types\/product"}],"wp:featuredmedia":[{"embeddable":true,"href":"https:\/\/www.mobile-well.com\/es\/wp-json\/wp\/v2\/media\/113341"}],"wp:attachment":[{"href":"https:\/\/www.mobile-well.com\/es\/wp-json\/wp\/v2\/media?parent=113334"}],"wp:term":[{"taxonomy":"product_brand","embeddable":true,"href":"https:\/\/www.mobile-well.com\/es\/wp-json\/wp\/v2\/product_brand?post=113334"},{"taxonomy":"product_cat","embeddable":true,"href":"https:\/\/www.mobile-well.com\/es\/wp-json\/wp\/v2\/product_cat?post=113334"},{"taxonomy":"product_tag","embeddable":true,"href":"https:\/\/www.mobile-well.com\/es\/wp-json\/wp\/v2\/product_tag?post=113334"}],"curies":[{"name":"wp","href":"https:\/\/api.w.org\/{rel}","templated":true}]}}