{"id":113353,"date":"2023-08-22T14:58:46","date_gmt":"2023-08-22T06:58:46","guid":{"rendered":"https:\/\/www.mobile-well.com\/?post_type=product&#038;p=113353"},"modified":"2023-08-22T14:59:15","modified_gmt":"2023-08-22T06:59:15","slug":"precio-al-por-mayor-de-hardware-marco-de-la-lente-de-la-camara-tpu-pc-de-inyeccion-de-aceite-2-en-1-caja-del-telefono-magnetico","status":"publish","type":"product","link":"https:\/\/www.mobile-well.com\/es\/producto\/precio-al-por-mayor-de-hardware-marco-de-la-lente-de-la-camara-tpu-pc-de-inyeccion-de-aceite-2-en-1-caja-del-telefono-magnetico\/","title":{"rendered":"Precio al por mayor de hardware marco de la lente de la c\u00e1mara TPU + PC de inyecci\u00f3n de aceite 2 en 1 caja del tel\u00e9fono magn\u00e9tico"},"content":{"rendered":"","protected":false},"excerpt":{"rendered":"<ul>\n<li>Producto NO. : P7270-A07<\/li>\n<li>Material : inyecci\u00f3n de aceite<\/li>\n<li>Artesan\u00eda:TPU+PC<\/li>\n<li>MOQ : 10Pcs\/Modelo, 10Pcs\/Color<\/li>\n<li>N.W. del producto: 46.3g<\/li>\n<li>Producto G.W. : 70.0g<\/li>\n<li>Tama\u00f1o CTN : 60*45*33cm , 500pcs\/ctn , 35.00KG<\/li>\n<\/ul>\n","protected":false},"featured_media":113356,"template":"","meta":[],"product_brand":[],"product_cat":[77],"product_tag":[8449],"class_list":{"0":"post-113353","1":"product","2":"type-product","3":"status-publish","4":"has-post-thumbnail","6":"product_cat-fundas","7":"product_tag-2-en-1-caja-del-telefono-magnetico","9":"first","10":"instock","11":"shipping-taxable","12":"product-type-simple"},"jetpack_sharing_enabled":true,"_links":{"self":[{"href":"https:\/\/www.mobile-well.com\/es\/wp-json\/wp\/v2\/product\/113353","targetHints":{"allow":["GET"]}}],"collection":[{"href":"https:\/\/www.mobile-well.com\/es\/wp-json\/wp\/v2\/product"}],"about":[{"href":"https:\/\/www.mobile-well.com\/es\/wp-json\/wp\/v2\/types\/product"}],"wp:featuredmedia":[{"embeddable":true,"href":"https:\/\/www.mobile-well.com\/es\/wp-json\/wp\/v2\/media\/113356"}],"wp:attachment":[{"href":"https:\/\/www.mobile-well.com\/es\/wp-json\/wp\/v2\/media?parent=113353"}],"wp:term":[{"taxonomy":"product_brand","embeddable":true,"href":"https:\/\/www.mobile-well.com\/es\/wp-json\/wp\/v2\/product_brand?post=113353"},{"taxonomy":"product_cat","embeddable":true,"href":"https:\/\/www.mobile-well.com\/es\/wp-json\/wp\/v2\/product_cat?post=113353"},{"taxonomy":"product_tag","embeddable":true,"href":"https:\/\/www.mobile-well.com\/es\/wp-json\/wp\/v2\/product_tag?post=113353"}],"curies":[{"name":"wp","href":"https:\/\/api.w.org\/{rel}","templated":true}]}}