{"id":113491,"date":"2023-09-02T11:34:51","date_gmt":"2023-09-02T03:34:51","guid":{"rendered":"https:\/\/www.mobile-well.com\/?post_type=product&#038;p=113491"},"modified":"2023-09-02T11:34:59","modified_gmt":"2023-09-02T03:34:59","slug":"auriculares-bluetooth-inalambricos-estereo-de-alta-fidelidad-bt-con-reduccion-de-ruido-v5-3edr-de-bateria-super-larga","status":"publish","type":"product","link":"https:\/\/www.mobile-well.com\/es\/producto\/auriculares-bluetooth-inalambricos-estereo-de-alta-fidelidad-bt-con-reduccion-de-ruido-v5-3edr-de-bateria-super-larga\/","title":{"rendered":"Auriculares Bluetooth inal\u00e1mbricos est\u00e9reo de alta fidelidad BT con reducci\u00f3n de ruido V5.3+EDR de bater\u00eda s\u00faper larga"},"content":{"rendered":"","protected":false},"excerpt":{"rendered":"<ul>\n<li>Color:Blanco, Negro<\/li>\n<li>Versi\u00f3n BT: V5.3+EDR<\/li>\n<li>Distancia de transmisi\u00f3n:10-15M<\/li>\n<li>Tiempo de escucha:5-6H<\/li>\n<li>Tiempo de carga:Alrededor de 1-1.5H<\/li>\n<li>Bater\u00eda de los auriculares:50mAh*2<\/li>\n<li>Bater\u00eda del estuche de carga: 500mAh<\/li>\n<li>Puerto de carga: Puerto Tipo-C<\/li>\n<li>Peso de un solo auricular:4.7G<\/li>\n<li>Peso neto del producto (estuche de carga y auriculares): 56.8G<\/li>\n<li>Peso bruto del producto (con embalaje individual): 84,5 G<\/li>\n<\/ul>\n","protected":false},"featured_media":113504,"template":"","meta":[],"product_brand":[],"product_cat":[3016],"product_tag":[7914],"class_list":{"0":"post-113491","1":"product","2":"type-product","3":"status-publish","4":"has-post-thumbnail","6":"product_cat-auriculares-bluetooth","7":"product_tag-auriculares-bluetooth-inalambricos","9":"first","10":"instock","11":"shipping-taxable","12":"product-type-simple"},"jetpack_sharing_enabled":true,"_links":{"self":[{"href":"https:\/\/www.mobile-well.com\/es\/wp-json\/wp\/v2\/product\/113491","targetHints":{"allow":["GET"]}}],"collection":[{"href":"https:\/\/www.mobile-well.com\/es\/wp-json\/wp\/v2\/product"}],"about":[{"href":"https:\/\/www.mobile-well.com\/es\/wp-json\/wp\/v2\/types\/product"}],"wp:featuredmedia":[{"embeddable":true,"href":"https:\/\/www.mobile-well.com\/es\/wp-json\/wp\/v2\/media\/113504"}],"wp:attachment":[{"href":"https:\/\/www.mobile-well.com\/es\/wp-json\/wp\/v2\/media?parent=113491"}],"wp:term":[{"taxonomy":"product_brand","embeddable":true,"href":"https:\/\/www.mobile-well.com\/es\/wp-json\/wp\/v2\/product_brand?post=113491"},{"taxonomy":"product_cat","embeddable":true,"href":"https:\/\/www.mobile-well.com\/es\/wp-json\/wp\/v2\/product_cat?post=113491"},{"taxonomy":"product_tag","embeddable":true,"href":"https:\/\/www.mobile-well.com\/es\/wp-json\/wp\/v2\/product_tag?post=113491"}],"curies":[{"name":"wp","href":"https:\/\/api.w.org\/{rel}","templated":true}]}}