{"id":113544,"date":"2023-09-02T14:52:41","date_gmt":"2023-09-02T06:52:41","guid":{"rendered":"https:\/\/www.mobile-well.com\/?post_type=product&#038;p=113544"},"modified":"2023-09-02T14:52:42","modified_gmt":"2023-09-02T06:52:42","slug":"auriculares-bluetooth-inalambricos-para-juegos-v5-3edr-auriculares-de-diseno-transparente-con-llamadas-hd","status":"publish","type":"product","link":"https:\/\/www.mobile-well.com\/es\/producto\/auriculares-bluetooth-inalambricos-para-juegos-v5-3edr-auriculares-de-diseno-transparente-con-llamadas-hd\/","title":{"rendered":"Auriculares Bluetooth inal\u00e1mbricos para juegos V5.3+EDR Auriculares de dise\u00f1o transparente con llamadas HD"},"content":{"rendered":"","protected":false},"excerpt":{"rendered":"<ul>\n<li>Versi\u00f3n de Bluetooth: Bluetooth 5.3+EDR<\/li>\n<li>Distancia de transmisi\u00f3n: 10 metros Tiempo de funcionamiento: unas 15 horas en total<\/li>\n<li>Tiempo de carga: 1h<\/li>\n<li>Tiempo en espera: 14 horas<\/li>\n<li>Bater\u00eda del auricular: 28mAh bater\u00eda de litio recargable \/ s\u00f3lo<\/li>\n<li>Bater\u00eda del estuche de carga: bater\u00eda de litio recargable de 230mAh<\/li>\n<li>Funciones: cambiar de canci\u00f3n, responder llamada, rechazar llamada, colgar el tel\u00e9fono, reproducci\u00f3n Bluetooth, reproducci\u00f3n del tel\u00e9fono, indicaciones de voz, Bluetooth de vuelta a la conexi\u00f3n, pantalla de encendido, apagado inteligente<\/li>\n<\/ul>\n","protected":false},"featured_media":113556,"template":"","meta":[],"product_brand":[],"product_cat":[3016],"product_tag":[7914],"class_list":{"0":"post-113544","1":"product","2":"type-product","3":"status-publish","4":"has-post-thumbnail","6":"product_cat-auriculares-bluetooth","7":"product_tag-auriculares-bluetooth-inalambricos","9":"first","10":"instock","11":"shipping-taxable","12":"product-type-simple"},"jetpack_sharing_enabled":true,"_links":{"self":[{"href":"https:\/\/www.mobile-well.com\/es\/wp-json\/wp\/v2\/product\/113544","targetHints":{"allow":["GET"]}}],"collection":[{"href":"https:\/\/www.mobile-well.com\/es\/wp-json\/wp\/v2\/product"}],"about":[{"href":"https:\/\/www.mobile-well.com\/es\/wp-json\/wp\/v2\/types\/product"}],"wp:featuredmedia":[{"embeddable":true,"href":"https:\/\/www.mobile-well.com\/es\/wp-json\/wp\/v2\/media\/113556"}],"wp:attachment":[{"href":"https:\/\/www.mobile-well.com\/es\/wp-json\/wp\/v2\/media?parent=113544"}],"wp:term":[{"taxonomy":"product_brand","embeddable":true,"href":"https:\/\/www.mobile-well.com\/es\/wp-json\/wp\/v2\/product_brand?post=113544"},{"taxonomy":"product_cat","embeddable":true,"href":"https:\/\/www.mobile-well.com\/es\/wp-json\/wp\/v2\/product_cat?post=113544"},{"taxonomy":"product_tag","embeddable":true,"href":"https:\/\/www.mobile-well.com\/es\/wp-json\/wp\/v2\/product_tag?post=113544"}],"curies":[{"name":"wp","href":"https:\/\/api.w.org\/{rel}","templated":true}]}}