{"id":113563,"date":"2023-09-02T15:03:52","date_gmt":"2023-09-02T07:03:52","guid":{"rendered":"https:\/\/www.mobile-well.com\/?post_type=product&#038;p=113563"},"modified":"2023-09-02T15:03:54","modified_gmt":"2023-09-02T07:03:54","slug":"auriculares-inalambricos-para-juegos-v5-3edr-de-diseno-transparente-con-pantalla-digital-y-fuente-de-alimentacion-movil","status":"publish","type":"product","link":"https:\/\/www.mobile-well.com\/es\/producto\/auriculares-inalambricos-para-juegos-v5-3edr-de-diseno-transparente-con-pantalla-digital-y-fuente-de-alimentacion-movil\/","title":{"rendered":"Auriculares inal\u00e1mbricos para juegos V5.3+EDR de dise\u00f1o transparente con pantalla digital y fuente de alimentaci\u00f3n m\u00f3vil"},"content":{"rendered":"","protected":false},"excerpt":{"rendered":"<ul>\n<li>Versi\u00f3n de Bluetooth: Bluetooth 5.3+EDR<\/li>\n<li>Distancia de transmisi\u00f3n: 10 metros Tiempo de trabajo: aproximadamente 15 horas en total<\/li>\n<li>Tiempo de carga: 1h<\/li>\n<li>Tiempo en espera: 14 horas<\/li>\n<li>Bater\u00eda de auriculares: bater\u00eda de litio recargable de 28 mAh\/solo<\/li>\n<li>Bater\u00eda de la caja de carga: bater\u00eda de litio recargable de 230 mAh<\/li>\n<\/ul>\n","protected":false},"featured_media":113576,"template":"","meta":[],"product_brand":[],"product_cat":[3016],"product_tag":[7450],"class_list":{"0":"post-113563","1":"product","2":"type-product","3":"status-publish","4":"has-post-thumbnail","6":"product_cat-auriculares-bluetooth","7":"product_tag-auriculares-inalambricos-para-juegos","9":"first","10":"instock","11":"shipping-taxable","12":"product-type-simple"},"jetpack_sharing_enabled":true,"_links":{"self":[{"href":"https:\/\/www.mobile-well.com\/es\/wp-json\/wp\/v2\/product\/113563","targetHints":{"allow":["GET"]}}],"collection":[{"href":"https:\/\/www.mobile-well.com\/es\/wp-json\/wp\/v2\/product"}],"about":[{"href":"https:\/\/www.mobile-well.com\/es\/wp-json\/wp\/v2\/types\/product"}],"wp:featuredmedia":[{"embeddable":true,"href":"https:\/\/www.mobile-well.com\/es\/wp-json\/wp\/v2\/media\/113576"}],"wp:attachment":[{"href":"https:\/\/www.mobile-well.com\/es\/wp-json\/wp\/v2\/media?parent=113563"}],"wp:term":[{"taxonomy":"product_brand","embeddable":true,"href":"https:\/\/www.mobile-well.com\/es\/wp-json\/wp\/v2\/product_brand?post=113563"},{"taxonomy":"product_cat","embeddable":true,"href":"https:\/\/www.mobile-well.com\/es\/wp-json\/wp\/v2\/product_cat?post=113563"},{"taxonomy":"product_tag","embeddable":true,"href":"https:\/\/www.mobile-well.com\/es\/wp-json\/wp\/v2\/product_tag?post=113563"}],"curies":[{"name":"wp","href":"https:\/\/api.w.org\/{rel}","templated":true}]}}