{"id":113653,"date":"2023-09-02T16:12:25","date_gmt":"2023-09-02T08:12:25","guid":{"rendered":"https:\/\/www.mobile-well.com\/?post_type=product&#038;p=113653"},"modified":"2023-09-02T16:12:40","modified_gmt":"2023-09-02T08:12:40","slug":"3-pulgadas-portatil-rgb-luz-movil-multimedia-inalambrico-bt-parlantes-hifi","status":"publish","type":"product","link":"https:\/\/www.mobile-well.com\/es\/producto\/3-pulgadas-portatil-rgb-luz-movil-multimedia-inalambrico-bt-parlantes-hifi\/","title":{"rendered":"3 Pulgadas Port\u00e1til RGB Luz M\u00f3vil Multimedia Inal\u00e1mbrico BT Parlantes HIFI"},"content":{"rendered":"","protected":false},"excerpt":{"rendered":"<ul>\n<li>De color negro<\/li>\n<li>Funci\u00f3n: luces m\u00e1gicas BT\/TF\/USB\/FM\/TWS\/LED<\/li>\n<li>Potencia: 3W<\/li>\n<li>Bater\u00eda: 500 mAh<\/li>\n<li>Tama\u00f1o del producto: 124*70*100MM<\/li>\n<\/ul>\n","protected":false},"featured_media":113658,"template":"","meta":[],"product_brand":[],"product_cat":[310],"product_tag":[8543],"class_list":{"0":"post-113653","1":"product","2":"type-product","3":"status-publish","4":"has-post-thumbnail","6":"product_cat-parlantes","7":"product_tag-bt-parlantes-hifi","9":"first","10":"instock","11":"shipping-taxable","12":"product-type-simple"},"jetpack_sharing_enabled":true,"_links":{"self":[{"href":"https:\/\/www.mobile-well.com\/es\/wp-json\/wp\/v2\/product\/113653","targetHints":{"allow":["GET"]}}],"collection":[{"href":"https:\/\/www.mobile-well.com\/es\/wp-json\/wp\/v2\/product"}],"about":[{"href":"https:\/\/www.mobile-well.com\/es\/wp-json\/wp\/v2\/types\/product"}],"wp:featuredmedia":[{"embeddable":true,"href":"https:\/\/www.mobile-well.com\/es\/wp-json\/wp\/v2\/media\/113658"}],"wp:attachment":[{"href":"https:\/\/www.mobile-well.com\/es\/wp-json\/wp\/v2\/media?parent=113653"}],"wp:term":[{"taxonomy":"product_brand","embeddable":true,"href":"https:\/\/www.mobile-well.com\/es\/wp-json\/wp\/v2\/product_brand?post=113653"},{"taxonomy":"product_cat","embeddable":true,"href":"https:\/\/www.mobile-well.com\/es\/wp-json\/wp\/v2\/product_cat?post=113653"},{"taxonomy":"product_tag","embeddable":true,"href":"https:\/\/www.mobile-well.com\/es\/wp-json\/wp\/v2\/product_tag?post=113653"}],"curies":[{"name":"wp","href":"https:\/\/api.w.org\/{rel}","templated":true}]}}