{"id":113676,"date":"2023-09-02T17:02:09","date_gmt":"2023-09-02T09:02:09","guid":{"rendered":"https:\/\/www.mobile-well.com\/?post_type=product&#038;p=113676"},"modified":"2023-09-02T17:02:22","modified_gmt":"2023-09-02T09:02:22","slug":"altavoz-inalambrico-bt-multimedia-movil-con-luz-rgb-portatil-hifi","status":"publish","type":"product","link":"https:\/\/www.mobile-well.com\/es\/producto\/altavoz-inalambrico-bt-multimedia-movil-con-luz-rgb-portatil-hifi\/","title":{"rendered":"Altavoz inal\u00e1mbrico BT multimedia m\u00f3vil con luz RGB port\u00e1til HIFI"},"content":{"rendered":"","protected":false},"excerpt":{"rendered":"<ul>\n<li>De color negro<\/li>\n<li>Funci\u00f3n: BT\/TF\/USB\/FM\/TWS\/MIC\/LED<\/li>\n<li>Potencia: 8W<\/li>\n<li>Bater\u00eda: 1200mAh<\/li>\n<li>Accesorios: cable de carga con puerto C, micr\u00f3fono con cable de 1,5 metros<\/li>\n<\/ul>\n","protected":false},"featured_media":113685,"template":"","meta":[],"product_brand":[],"product_cat":[310],"product_tag":[7492],"class_list":{"0":"post-113676","1":"product","2":"type-product","3":"status-publish","4":"has-post-thumbnail","6":"product_cat-parlantes","7":"product_tag-altavoz-inalambrico","9":"first","10":"instock","11":"shipping-taxable","12":"product-type-simple"},"jetpack_sharing_enabled":true,"_links":{"self":[{"href":"https:\/\/www.mobile-well.com\/es\/wp-json\/wp\/v2\/product\/113676","targetHints":{"allow":["GET"]}}],"collection":[{"href":"https:\/\/www.mobile-well.com\/es\/wp-json\/wp\/v2\/product"}],"about":[{"href":"https:\/\/www.mobile-well.com\/es\/wp-json\/wp\/v2\/types\/product"}],"wp:featuredmedia":[{"embeddable":true,"href":"https:\/\/www.mobile-well.com\/es\/wp-json\/wp\/v2\/media\/113685"}],"wp:attachment":[{"href":"https:\/\/www.mobile-well.com\/es\/wp-json\/wp\/v2\/media?parent=113676"}],"wp:term":[{"taxonomy":"product_brand","embeddable":true,"href":"https:\/\/www.mobile-well.com\/es\/wp-json\/wp\/v2\/product_brand?post=113676"},{"taxonomy":"product_cat","embeddable":true,"href":"https:\/\/www.mobile-well.com\/es\/wp-json\/wp\/v2\/product_cat?post=113676"},{"taxonomy":"product_tag","embeddable":true,"href":"https:\/\/www.mobile-well.com\/es\/wp-json\/wp\/v2\/product_tag?post=113676"}],"curies":[{"name":"wp","href":"https:\/\/api.w.org\/{rel}","templated":true}]}}