{"id":113743,"date":"2023-09-04T15:43:30","date_gmt":"2023-09-04T07:43:30","guid":{"rendered":"https:\/\/www.mobile-well.com\/?post_type=product&#038;p=113743"},"modified":"2023-09-04T15:43:31","modified_gmt":"2023-09-04T07:43:31","slug":"mini-soportes-magneticos-para-telefono-movil-de-360-grados","status":"publish","type":"product","link":"https:\/\/www.mobile-well.com\/es\/producto\/mini-soportes-magneticos-para-telefono-movil-de-360-grados\/","title":{"rendered":"MINI soportes magn\u00e9ticos para tel\u00e9fono m\u00f3vil de 360 grados."},"content":{"rendered":"","protected":false},"excerpt":{"rendered":"<ul>\n<li>Color: negro, dorado y plateado<\/li>\n<li>Cuadrado: 38*50mm<\/li>\n<li>Redondo: 35mm<\/li>\n<\/ul>\n","protected":false},"featured_media":113752,"template":"","meta":[],"product_brand":[],"product_cat":[467],"product_tag":[8581],"class_list":{"0":"post-113743","1":"product","2":"type-product","3":"status-publish","4":"has-post-thumbnail","6":"product_cat-gadgets-2","7":"product_tag-soportes-magneticos-para-telefono-movil","9":"first","10":"instock","11":"shipping-taxable","12":"product-type-simple"},"jetpack_sharing_enabled":true,"_links":{"self":[{"href":"https:\/\/www.mobile-well.com\/es\/wp-json\/wp\/v2\/product\/113743","targetHints":{"allow":["GET"]}}],"collection":[{"href":"https:\/\/www.mobile-well.com\/es\/wp-json\/wp\/v2\/product"}],"about":[{"href":"https:\/\/www.mobile-well.com\/es\/wp-json\/wp\/v2\/types\/product"}],"wp:featuredmedia":[{"embeddable":true,"href":"https:\/\/www.mobile-well.com\/es\/wp-json\/wp\/v2\/media\/113752"}],"wp:attachment":[{"href":"https:\/\/www.mobile-well.com\/es\/wp-json\/wp\/v2\/media?parent=113743"}],"wp:term":[{"taxonomy":"product_brand","embeddable":true,"href":"https:\/\/www.mobile-well.com\/es\/wp-json\/wp\/v2\/product_brand?post=113743"},{"taxonomy":"product_cat","embeddable":true,"href":"https:\/\/www.mobile-well.com\/es\/wp-json\/wp\/v2\/product_cat?post=113743"},{"taxonomy":"product_tag","embeddable":true,"href":"https:\/\/www.mobile-well.com\/es\/wp-json\/wp\/v2\/product_tag?post=113743"}],"curies":[{"name":"wp","href":"https:\/\/api.w.org\/{rel}","templated":true}]}}