{"id":113803,"date":"2023-09-04T16:44:56","date_gmt":"2023-09-04T08:44:56","guid":{"rendered":"https:\/\/www.mobile-well.com\/?post_type=product&#038;p=113803"},"modified":"2023-09-04T16:45:00","modified_gmt":"2023-09-04T08:45:00","slug":"auriculares-inalambricos-estereo-v5-3-sport-hd-talk-con-pantalla-digital-y-funcion-de-encendido","status":"publish","type":"product","link":"https:\/\/www.mobile-well.com\/es\/producto\/auriculares-inalambricos-estereo-v5-3-sport-hd-talk-con-pantalla-digital-y-funcion-de-encendido\/","title":{"rendered":"Auriculares inal\u00e1mbricos est\u00e9reo V5.3 Sport HD Talk con pantalla digital y funci\u00f3n de encendido"},"content":{"rendered":"","protected":false},"excerpt":{"rendered":"<ul>\n<li>Versi\u00f3n BT: V5.3<\/li>\n<li>Distancia de transmisi\u00f3n:10M<\/li>\n<li>Tiempo de escucha:4-5H<\/li>\n<li>Tiempo de carga:Alrededor de 1-1.5H<\/li>\n<li>Tiempo en espera:120H<\/li>\n<li>Bater\u00eda de los auriculares:40mAh<\/li>\n<li>Bater\u00eda del estuche de carga: 500mAh<\/li>\n<li>Puerto de carga:Puerto tipo C<\/li>\n<li>Color:Blanco\u3001Negro<\/li>\n<li>Peso de un auricular:3.8G<\/li>\n<li>Peso neto del producto (estuche de carga + auriculares): 73.5G<\/li>\n<li>Producto G.W:99.5G<\/li>\n<\/ul>\n","protected":false},"featured_media":113804,"template":"","meta":[],"product_brand":[],"product_cat":[2073],"product_tag":[7712],"class_list":{"0":"post-113803","1":"product","2":"type-product","3":"status-publish","4":"has-post-thumbnail","6":"product_cat-sin-categoria","7":"product_tag-auriculares-inalambricos-estereo","9":"first","10":"instock","11":"shipping-taxable","12":"product-type-simple"},"jetpack_sharing_enabled":true,"_links":{"self":[{"href":"https:\/\/www.mobile-well.com\/es\/wp-json\/wp\/v2\/product\/113803","targetHints":{"allow":["GET"]}}],"collection":[{"href":"https:\/\/www.mobile-well.com\/es\/wp-json\/wp\/v2\/product"}],"about":[{"href":"https:\/\/www.mobile-well.com\/es\/wp-json\/wp\/v2\/types\/product"}],"wp:featuredmedia":[{"embeddable":true,"href":"https:\/\/www.mobile-well.com\/es\/wp-json\/wp\/v2\/media\/113804"}],"wp:attachment":[{"href":"https:\/\/www.mobile-well.com\/es\/wp-json\/wp\/v2\/media?parent=113803"}],"wp:term":[{"taxonomy":"product_brand","embeddable":true,"href":"https:\/\/www.mobile-well.com\/es\/wp-json\/wp\/v2\/product_brand?post=113803"},{"taxonomy":"product_cat","embeddable":true,"href":"https:\/\/www.mobile-well.com\/es\/wp-json\/wp\/v2\/product_cat?post=113803"},{"taxonomy":"product_tag","embeddable":true,"href":"https:\/\/www.mobile-well.com\/es\/wp-json\/wp\/v2\/product_tag?post=113803"}],"curies":[{"name":"wp","href":"https:\/\/api.w.org\/{rel}","templated":true}]}}