{"id":114001,"date":"2023-09-15T14:27:17","date_gmt":"2023-09-15T06:27:17","guid":{"rendered":"https:\/\/www.mobile-well.com\/?post_type=product&#038;p=114001"},"modified":"2023-09-15T14:27:19","modified_gmt":"2023-09-15T06:27:19","slug":"orificio-de-precision-lente-desmontable-tpupc-2-en-1-funda-para-telefono-con-inyeccion-de-aceite","status":"publish","type":"product","link":"https:\/\/www.mobile-well.com\/es\/producto\/orificio-de-precision-lente-desmontable-tpupc-2-en-1-funda-para-telefono-con-inyeccion-de-aceite\/","title":{"rendered":"Orificio de precisi\u00f3n Lente desmontable TPU+PC 2 en 1 Funda para tel\u00e9fono con inyecci\u00f3n de aceite"},"content":{"rendered":"","protected":false},"excerpt":{"rendered":"<ul>\n<li>Producto NO.:P0709-A16<\/li>\n<li>Material:TPU+PC<\/li>\n<li>Artesan\u00eda:Inyecci\u00f3n de aceite<\/li>\n<li>MOQ:30Pcs\/Modelo,30Pcs\/Colo,la cantidad de la orden necesita alcanzar 2000pcs<\/li>\n<li>Producto N.M .:42.1g<\/li>\n<li>Tama\u00f1o CTN:60*45*33cm,500pcs\/ctn ,21.05kg<\/li>\n<\/ul>\n","protected":false},"featured_media":114012,"template":"","meta":[],"product_brand":[],"product_cat":[77],"product_tag":[8689],"class_list":{"0":"post-114001","1":"product","2":"type-product","3":"status-publish","4":"has-post-thumbnail","6":"product_cat-fundas","7":"product_tag-2-en-1-funda-para-telefono","9":"first","10":"instock","11":"shipping-taxable","12":"product-type-simple"},"jetpack_sharing_enabled":true,"_links":{"self":[{"href":"https:\/\/www.mobile-well.com\/es\/wp-json\/wp\/v2\/product\/114001","targetHints":{"allow":["GET"]}}],"collection":[{"href":"https:\/\/www.mobile-well.com\/es\/wp-json\/wp\/v2\/product"}],"about":[{"href":"https:\/\/www.mobile-well.com\/es\/wp-json\/wp\/v2\/types\/product"}],"wp:featuredmedia":[{"embeddable":true,"href":"https:\/\/www.mobile-well.com\/es\/wp-json\/wp\/v2\/media\/114012"}],"wp:attachment":[{"href":"https:\/\/www.mobile-well.com\/es\/wp-json\/wp\/v2\/media?parent=114001"}],"wp:term":[{"taxonomy":"product_brand","embeddable":true,"href":"https:\/\/www.mobile-well.com\/es\/wp-json\/wp\/v2\/product_brand?post=114001"},{"taxonomy":"product_cat","embeddable":true,"href":"https:\/\/www.mobile-well.com\/es\/wp-json\/wp\/v2\/product_cat?post=114001"},{"taxonomy":"product_tag","embeddable":true,"href":"https:\/\/www.mobile-well.com\/es\/wp-json\/wp\/v2\/product_tag?post=114001"}],"curies":[{"name":"wp","href":"https:\/\/api.w.org\/{rel}","templated":true}]}}