{"id":114026,"date":"2023-09-15T14:34:38","date_gmt":"2023-09-15T06:34:38","guid":{"rendered":"https:\/\/www.mobile-well.com\/?post_type=product&#038;p=114026"},"modified":"2023-09-15T14:34:40","modified_gmt":"2023-09-15T06:34:40","slug":"venta-al-por-mayor-tpu-acrilico-de-moldeo-por-inyeccion-de-alta-transparencia-magnetica-gran-agujero-caso-del-telefono","status":"publish","type":"product","link":"https:\/\/www.mobile-well.com\/es\/producto\/venta-al-por-mayor-tpu-acrilico-de-moldeo-por-inyeccion-de-alta-transparencia-magnetica-gran-agujero-caso-del-telefono\/","title":{"rendered":"venta al por mayor TPU + acr\u00edlico de moldeo por inyecci\u00f3n de alta transparencia magn\u00e9tica Gran agujero caso del tel\u00e9fono"},"content":{"rendered":"","protected":false},"excerpt":{"rendered":"<ul>\n<li>Producto NO.:P0709-A08<\/li>\n<li>Material:TPU+Acr\u00edlico<\/li>\n<li>Artesan\u00eda:Moldeo por inyecci\u00f3n<\/li>\n<li>MOQ:10Pcs\/Modelo,10Pcs\/Color<\/li>\n<li>Producto N.M .:36.0g<\/li>\n<li>Tama\u00f1o CTN:60*45*33cm,500pcs\/ctn ,18.00kg<\/li>\n<\/ul>\n","protected":false},"featured_media":114033,"template":"","meta":[],"product_brand":[],"product_cat":[77],"product_tag":[8690],"class_list":{"0":"post-114026","1":"product","2":"type-product","3":"status-publish","4":"has-post-thumbnail","6":"product_cat-fundas","7":"product_tag-gran-agujero-caso-del-telefono","9":"first","10":"instock","11":"shipping-taxable","12":"product-type-simple"},"jetpack_sharing_enabled":true,"_links":{"self":[{"href":"https:\/\/www.mobile-well.com\/es\/wp-json\/wp\/v2\/product\/114026","targetHints":{"allow":["GET"]}}],"collection":[{"href":"https:\/\/www.mobile-well.com\/es\/wp-json\/wp\/v2\/product"}],"about":[{"href":"https:\/\/www.mobile-well.com\/es\/wp-json\/wp\/v2\/types\/product"}],"wp:featuredmedia":[{"embeddable":true,"href":"https:\/\/www.mobile-well.com\/es\/wp-json\/wp\/v2\/media\/114033"}],"wp:attachment":[{"href":"https:\/\/www.mobile-well.com\/es\/wp-json\/wp\/v2\/media?parent=114026"}],"wp:term":[{"taxonomy":"product_brand","embeddable":true,"href":"https:\/\/www.mobile-well.com\/es\/wp-json\/wp\/v2\/product_brand?post=114026"},{"taxonomy":"product_cat","embeddable":true,"href":"https:\/\/www.mobile-well.com\/es\/wp-json\/wp\/v2\/product_cat?post=114026"},{"taxonomy":"product_tag","embeddable":true,"href":"https:\/\/www.mobile-well.com\/es\/wp-json\/wp\/v2\/product_tag?post=114026"}],"curies":[{"name":"wp","href":"https:\/\/api.w.org\/{rel}","templated":true}]}}