{"id":114043,"date":"2023-09-15T14:51:09","date_gmt":"2023-09-15T06:51:09","guid":{"rendered":"https:\/\/www.mobile-well.com\/?post_type=product&#038;p=114043"},"modified":"2023-09-15T14:51:10","modified_gmt":"2023-09-15T06:51:10","slug":"funda-para-telefono-movil-con-orificio-grande-magnetico-moldeado-por-inyeccion-de-acrilico-y-tpu-de-alta-calidad","status":"publish","type":"product","link":"https:\/\/www.mobile-well.com\/es\/producto\/funda-para-telefono-movil-con-orificio-grande-magnetico-moldeado-por-inyeccion-de-acrilico-y-tpu-de-alta-calidad\/","title":{"rendered":"Funda para tel\u00e9fono m\u00f3vil con orificio grande magn\u00e9tico moldeado por inyecci\u00f3n de acr\u00edlico y TPU de alta calidad"},"content":{"rendered":"","protected":false},"excerpt":{"rendered":"<ul>\n<li>Producto NO.:P0709-A05<\/li>\n<li>Material: TPU + acr\u00edlico<\/li>\n<li>Artesan\u00eda: moldeo por inyecci\u00f3n + galvanoplastia<\/li>\n<li>MOQ:100Pcs\/Modelo,30Pcs\/Color<\/li>\n<li>N.M. del producto:35.1g<\/li>\n<li>Tama\u00f1o CTN:60*45*33cm,500pcs\/ctn ,17.55kg<\/li>\n<\/ul>\n","protected":false},"featured_media":114050,"template":"","meta":[],"product_brand":[],"product_cat":[77],"product_tag":[3838],"class_list":{"0":"post-114043","1":"product","2":"type-product","3":"status-publish","4":"has-post-thumbnail","6":"product_cat-fundas","7":"product_tag-funda-para-telefono-movil","9":"first","10":"instock","11":"shipping-taxable","12":"product-type-simple"},"jetpack_sharing_enabled":true,"_links":{"self":[{"href":"https:\/\/www.mobile-well.com\/es\/wp-json\/wp\/v2\/product\/114043","targetHints":{"allow":["GET"]}}],"collection":[{"href":"https:\/\/www.mobile-well.com\/es\/wp-json\/wp\/v2\/product"}],"about":[{"href":"https:\/\/www.mobile-well.com\/es\/wp-json\/wp\/v2\/types\/product"}],"wp:featuredmedia":[{"embeddable":true,"href":"https:\/\/www.mobile-well.com\/es\/wp-json\/wp\/v2\/media\/114050"}],"wp:attachment":[{"href":"https:\/\/www.mobile-well.com\/es\/wp-json\/wp\/v2\/media?parent=114043"}],"wp:term":[{"taxonomy":"product_brand","embeddable":true,"href":"https:\/\/www.mobile-well.com\/es\/wp-json\/wp\/v2\/product_brand?post=114043"},{"taxonomy":"product_cat","embeddable":true,"href":"https:\/\/www.mobile-well.com\/es\/wp-json\/wp\/v2\/product_cat?post=114043"},{"taxonomy":"product_tag","embeddable":true,"href":"https:\/\/www.mobile-well.com\/es\/wp-json\/wp\/v2\/product_tag?post=114043"}],"curies":[{"name":"wp","href":"https:\/\/api.w.org\/{rel}","templated":true}]}}