{"id":114069,"date":"2023-09-15T15:05:42","date_gmt":"2023-09-15T07:05:42","guid":{"rendered":"https:\/\/www.mobile-well.com\/?post_type=product&#038;p=114069"},"modified":"2023-09-15T15:05:43","modified_gmt":"2023-09-15T07:05:43","slug":"tpu-acrilico-gradiente-de-dos-tonos-gran-agujero-marco-de-la-camara-de-plata-funda-de-telefono-antichoque","status":"publish","type":"product","link":"https:\/\/www.mobile-well.com\/es\/producto\/tpu-acrilico-gradiente-de-dos-tonos-gran-agujero-marco-de-la-camara-de-plata-funda-de-telefono-antichoque\/","title":{"rendered":"TPU + acr\u00edlico gradiente de dos tonos gran agujero marco de la c\u00e1mara de plata Funda de tel\u00e9fono antichoque"},"content":{"rendered":"","protected":false},"excerpt":{"rendered":"<ul>\n<li>Producto NO.:P0709-A04<\/li>\n<li>Material: TPU + acr\u00edlico<\/li>\n<li>Artesan\u00eda: gradiente de dos colores<\/li>\n<li>MOQ:100Pcs\/Modelo,30Pcs\/Color<\/li>\n<li>N.M. del producto:33.7g<\/li>\n<li>Tama\u00f1o CTN:60*45*33cm,500pcs\/ctn ,16.85kg<\/li>\n<\/ul>\n","protected":false},"featured_media":114080,"template":"","meta":[],"product_brand":[],"product_cat":[77],"product_tag":[8692],"class_list":{"0":"post-114069","1":"product","2":"type-product","3":"status-publish","4":"has-post-thumbnail","6":"product_cat-fundas","7":"product_tag-funda-de-telefono-antichoque","9":"first","10":"instock","11":"shipping-taxable","12":"product-type-simple"},"jetpack_sharing_enabled":true,"_links":{"self":[{"href":"https:\/\/www.mobile-well.com\/es\/wp-json\/wp\/v2\/product\/114069","targetHints":{"allow":["GET"]}}],"collection":[{"href":"https:\/\/www.mobile-well.com\/es\/wp-json\/wp\/v2\/product"}],"about":[{"href":"https:\/\/www.mobile-well.com\/es\/wp-json\/wp\/v2\/types\/product"}],"wp:featuredmedia":[{"embeddable":true,"href":"https:\/\/www.mobile-well.com\/es\/wp-json\/wp\/v2\/media\/114080"}],"wp:attachment":[{"href":"https:\/\/www.mobile-well.com\/es\/wp-json\/wp\/v2\/media?parent=114069"}],"wp:term":[{"taxonomy":"product_brand","embeddable":true,"href":"https:\/\/www.mobile-well.com\/es\/wp-json\/wp\/v2\/product_brand?post=114069"},{"taxonomy":"product_cat","embeddable":true,"href":"https:\/\/www.mobile-well.com\/es\/wp-json\/wp\/v2\/product_cat?post=114069"},{"taxonomy":"product_tag","embeddable":true,"href":"https:\/\/www.mobile-well.com\/es\/wp-json\/wp\/v2\/product_tag?post=114069"}],"curies":[{"name":"wp","href":"https:\/\/api.w.org\/{rel}","templated":true}]}}