{"id":114126,"date":"2023-09-15T16:20:33","date_gmt":"2023-09-15T08:20:33","guid":{"rendered":"https:\/\/www.mobile-well.com\/?post_type=product&#038;p=114126"},"modified":"2023-09-15T16:20:35","modified_gmt":"2023-09-15T08:20:35","slug":"venta-al-por-mayor-tpu-acrilico-moldeado-por-inyeccion-galvanoplastia-transparente-anti-caida-caso-del-telefono-movil","status":"publish","type":"product","link":"https:\/\/www.mobile-well.com\/es\/producto\/venta-al-por-mayor-tpu-acrilico-moldeado-por-inyeccion-galvanoplastia-transparente-anti-caida-caso-del-telefono-movil\/","title":{"rendered":"Venta al por mayor TPU + acr\u00edlico moldeado por inyecci\u00f3n galvanoplastia transparente anti-ca\u00edda caso del tel\u00e9fono m\u00f3vil"},"content":{"rendered":"","protected":false},"excerpt":{"rendered":"<ul>\n<li>Producto NO.:P0709-A06<\/li>\n<li>Material:TPU+Acr\u00edlico<\/li>\n<li>Artesan\u00eda: moldeo por inyecci\u00f3n + galvanoplastia.<\/li>\n<li>Cantidad m\u00ednima de pedido: 100 unidades\/modelo, 30 unidades\/color.<\/li>\n<li>Producto N.M.:33.4g<\/li>\n<li>Tama\u00f1o del CTN: 60*45*33 cm, 500 unidades\/caja, 16,70 kg<\/li>\n<\/ul>\n","protected":false},"featured_media":114133,"template":"","meta":[],"product_brand":[],"product_cat":[77],"product_tag":[8705],"class_list":{"0":"post-114126","1":"product","2":"type-product","3":"status-publish","4":"has-post-thumbnail","6":"product_cat-fundas","7":"product_tag-anti-caida-caso-del-telefono-movil","9":"first","10":"instock","11":"shipping-taxable","12":"product-type-simple"},"jetpack_sharing_enabled":true,"_links":{"self":[{"href":"https:\/\/www.mobile-well.com\/es\/wp-json\/wp\/v2\/product\/114126","targetHints":{"allow":["GET"]}}],"collection":[{"href":"https:\/\/www.mobile-well.com\/es\/wp-json\/wp\/v2\/product"}],"about":[{"href":"https:\/\/www.mobile-well.com\/es\/wp-json\/wp\/v2\/types\/product"}],"wp:featuredmedia":[{"embeddable":true,"href":"https:\/\/www.mobile-well.com\/es\/wp-json\/wp\/v2\/media\/114133"}],"wp:attachment":[{"href":"https:\/\/www.mobile-well.com\/es\/wp-json\/wp\/v2\/media?parent=114126"}],"wp:term":[{"taxonomy":"product_brand","embeddable":true,"href":"https:\/\/www.mobile-well.com\/es\/wp-json\/wp\/v2\/product_brand?post=114126"},{"taxonomy":"product_cat","embeddable":true,"href":"https:\/\/www.mobile-well.com\/es\/wp-json\/wp\/v2\/product_cat?post=114126"},{"taxonomy":"product_tag","embeddable":true,"href":"https:\/\/www.mobile-well.com\/es\/wp-json\/wp\/v2\/product_tag?post=114126"}],"curies":[{"name":"wp","href":"https:\/\/api.w.org\/{rel}","templated":true}]}}