{"id":114137,"date":"2023-09-15T16:57:26","date_gmt":"2023-09-15T08:57:26","guid":{"rendered":"https:\/\/www.mobile-well.com\/?post_type=product&#038;p=114137"},"modified":"2023-09-15T16:57:27","modified_gmt":"2023-09-15T08:57:27","slug":"elegante-tpupc-cuero-aceitemetal-laca-camara-con-lente-funda-protectora-telefono","status":"publish","type":"product","link":"https:\/\/www.mobile-well.com\/es\/producto\/elegante-tpupc-cuero-aceitemetal-laca-camara-con-lente-funda-protectora-telefono\/","title":{"rendered":"Elegante TPU+PC Cuero Aceite+Metal Laca C\u00e1mara con Lente Funda Protectora Tel\u00e9fono"},"content":{"rendered":"","protected":false},"excerpt":{"rendered":"<ul>\n<li>Producto NO.:P0709-A03<\/li>\n<li>Material:TPU+PC<\/li>\n<li>Artesan\u00eda:Aceite de cuero+c\u00e1mara de pintura met\u00e1lica<\/li>\n<li>MOQ:20Pcs\/Modelo,20Pcs\/Color<\/li>\n<li>N.M. del producto:27.7g<\/li>\n<li>Tama\u00f1o CTN:60*45*33cm,500pcs\/ctn ,13.85kg<\/li>\n<\/ul>\n","protected":false},"featured_media":114142,"template":"","meta":[],"product_brand":[],"product_cat":[77],"product_tag":[8706],"class_list":{"0":"post-114137","1":"product","2":"type-product","3":"status-publish","4":"has-post-thumbnail","6":"product_cat-fundas","7":"product_tag-lente-funda-protectora-telefono","9":"first","10":"instock","11":"shipping-taxable","12":"product-type-simple"},"jetpack_sharing_enabled":true,"_links":{"self":[{"href":"https:\/\/www.mobile-well.com\/es\/wp-json\/wp\/v2\/product\/114137","targetHints":{"allow":["GET"]}}],"collection":[{"href":"https:\/\/www.mobile-well.com\/es\/wp-json\/wp\/v2\/product"}],"about":[{"href":"https:\/\/www.mobile-well.com\/es\/wp-json\/wp\/v2\/types\/product"}],"wp:featuredmedia":[{"embeddable":true,"href":"https:\/\/www.mobile-well.com\/es\/wp-json\/wp\/v2\/media\/114142"}],"wp:attachment":[{"href":"https:\/\/www.mobile-well.com\/es\/wp-json\/wp\/v2\/media?parent=114137"}],"wp:term":[{"taxonomy":"product_brand","embeddable":true,"href":"https:\/\/www.mobile-well.com\/es\/wp-json\/wp\/v2\/product_brand?post=114137"},{"taxonomy":"product_cat","embeddable":true,"href":"https:\/\/www.mobile-well.com\/es\/wp-json\/wp\/v2\/product_cat?post=114137"},{"taxonomy":"product_tag","embeddable":true,"href":"https:\/\/www.mobile-well.com\/es\/wp-json\/wp\/v2\/product_tag?post=114137"}],"curies":[{"name":"wp","href":"https:\/\/api.w.org\/{rel}","templated":true}]}}