{"id":114160,"date":"2023-09-16T14:23:20","date_gmt":"2023-09-16T06:23:20","guid":{"rendered":"https:\/\/www.mobile-well.com\/?post_type=product&#038;p=114160"},"modified":"2023-09-16T14:23:28","modified_gmt":"2023-09-16T06:23:28","slug":"funda-protectora-accesorios-tpupc-piel-aceitemetal-laca-camara-funda-magnetica-telefono","status":"publish","type":"product","link":"https:\/\/www.mobile-well.com\/es\/producto\/funda-protectora-accesorios-tpupc-piel-aceitemetal-laca-camara-funda-magnetica-telefono\/","title":{"rendered":"Funda Protectora Accesorios TPU+PC Piel Aceite+Metal Laca C\u00e1mara Funda Magn\u00e9tica Tel\u00e9fono"},"content":{"rendered":"","protected":false},"excerpt":{"rendered":"<ul>\n<li>Producto NO.:P0709-A02<\/li>\n<li>Material:TPU + ordenador personal<\/li>\n<li>Artesan\u00eda: aceite de cuero + c\u00e1mara de pintura de Metal<\/li>\n<li>MOQ: 20 piezas\/modelo, 20 piezas\/color<\/li>\n<li>Producto N.M.:39.0g<\/li>\n<li>Tama\u00f1o del CTN: 60*45*33 cm, 500 unidades\/caja, 19,50 kg<\/li>\n<\/ul>\n","protected":false},"featured_media":114177,"template":"","meta":[],"product_brand":[],"product_cat":[77],"product_tag":[8711,8710],"class_list":{"0":"post-114160","1":"product","2":"type-product","3":"status-publish","4":"has-post-thumbnail","6":"product_cat-fundas","7":"product_tag-funda-magnetica-telefono","8":"product_tag-funda-protectora-accesorios","10":"first","11":"instock","12":"shipping-taxable","13":"product-type-simple"},"jetpack_sharing_enabled":true,"_links":{"self":[{"href":"https:\/\/www.mobile-well.com\/es\/wp-json\/wp\/v2\/product\/114160","targetHints":{"allow":["GET"]}}],"collection":[{"href":"https:\/\/www.mobile-well.com\/es\/wp-json\/wp\/v2\/product"}],"about":[{"href":"https:\/\/www.mobile-well.com\/es\/wp-json\/wp\/v2\/types\/product"}],"wp:featuredmedia":[{"embeddable":true,"href":"https:\/\/www.mobile-well.com\/es\/wp-json\/wp\/v2\/media\/114177"}],"wp:attachment":[{"href":"https:\/\/www.mobile-well.com\/es\/wp-json\/wp\/v2\/media?parent=114160"}],"wp:term":[{"taxonomy":"product_brand","embeddable":true,"href":"https:\/\/www.mobile-well.com\/es\/wp-json\/wp\/v2\/product_brand?post=114160"},{"taxonomy":"product_cat","embeddable":true,"href":"https:\/\/www.mobile-well.com\/es\/wp-json\/wp\/v2\/product_cat?post=114160"},{"taxonomy":"product_tag","embeddable":true,"href":"https:\/\/www.mobile-well.com\/es\/wp-json\/wp\/v2\/product_tag?post=114160"}],"curies":[{"name":"wp","href":"https:\/\/api.w.org\/{rel}","templated":true}]}}