{"id":114238,"date":"2023-09-18T14:43:33","date_gmt":"2023-09-18T06:43:33","guid":{"rendered":"https:\/\/www.mobile-well.com\/?post_type=product&#038;p=114238"},"modified":"2023-09-18T14:43:50","modified_gmt":"2023-09-18T06:43:50","slug":"venda-al-por-mayor-la-caja-a-prueba-de-golpes-magnetica-del-telefono-movil-de-2-0mm-tpu-con-el-soporte","status":"publish","type":"product","link":"https:\/\/www.mobile-well.com\/es\/producto\/venda-al-por-mayor-la-caja-a-prueba-de-golpes-magnetica-del-telefono-movil-de-2-0mm-tpu-con-el-soporte\/","title":{"rendered":"Venda al por mayor la caja a prueba de golpes magn\u00e9tica del tel\u00e9fono m\u00f3vil de 2.0MM TPU con el soporte"},"content":{"rendered":"","protected":false},"excerpt":{"rendered":"<ul>\n<li>Producto NO.:P0709-A01<\/li>\n<li>Material:2.0MM TPU<\/li>\n<li>Artesan\u00eda:Producto acabado+CD bobina magn\u00e9tica<\/li>\n<li>MOQ:100Pcs\/Modelo,20Pcs\/Color<\/li>\n<li>N.M. del producto:40.9g<\/li>\n<li>Tama\u00f1o CTN:60*45*33cm,500pcs\/ctn ,20.45kg<\/li>\n<\/ul>\n","protected":false},"featured_media":114251,"template":"","meta":[],"product_brand":[],"product_cat":[77],"product_tag":[8737],"class_list":{"0":"post-114238","1":"product","2":"type-product","3":"status-publish","4":"has-post-thumbnail","6":"product_cat-fundas","7":"product_tag-magnetica-del-telefono-movil","9":"first","10":"instock","11":"shipping-taxable","12":"product-type-simple"},"jetpack_sharing_enabled":true,"_links":{"self":[{"href":"https:\/\/www.mobile-well.com\/es\/wp-json\/wp\/v2\/product\/114238","targetHints":{"allow":["GET"]}}],"collection":[{"href":"https:\/\/www.mobile-well.com\/es\/wp-json\/wp\/v2\/product"}],"about":[{"href":"https:\/\/www.mobile-well.com\/es\/wp-json\/wp\/v2\/types\/product"}],"wp:featuredmedia":[{"embeddable":true,"href":"https:\/\/www.mobile-well.com\/es\/wp-json\/wp\/v2\/media\/114251"}],"wp:attachment":[{"href":"https:\/\/www.mobile-well.com\/es\/wp-json\/wp\/v2\/media?parent=114238"}],"wp:term":[{"taxonomy":"product_brand","embeddable":true,"href":"https:\/\/www.mobile-well.com\/es\/wp-json\/wp\/v2\/product_brand?post=114238"},{"taxonomy":"product_cat","embeddable":true,"href":"https:\/\/www.mobile-well.com\/es\/wp-json\/wp\/v2\/product_cat?post=114238"},{"taxonomy":"product_tag","embeddable":true,"href":"https:\/\/www.mobile-well.com\/es\/wp-json\/wp\/v2\/product_tag?post=114238"}],"curies":[{"name":"wp","href":"https:\/\/api.w.org\/{rel}","templated":true}]}}