{"id":114474,"date":"2023-09-28T12:01:05","date_gmt":"2023-09-28T04:01:05","guid":{"rendered":"https:\/\/www.mobile-well.com\/?post_type=product&#038;p=114474"},"modified":"2023-09-28T12:01:06","modified_gmt":"2023-09-28T04:01:06","slug":"venta-caliente-soporte-magnetico-universal-para-telefono-movil-en-el-respiradero-del-coche","status":"publish","type":"product","link":"https:\/\/www.mobile-well.com\/es\/producto\/venta-caliente-soporte-magnetico-universal-para-telefono-movil-en-el-respiradero-del-coche\/","title":{"rendered":"Venta caliente soporte magn\u00e9tico universal para tel\u00e9fono m\u00f3vil en el respiradero del coche"},"content":{"rendered":"","protected":false},"excerpt":{"rendered":"<div>Nombre: magsafe magnet air vent phone holder Q40<\/div>\n<div>Caracter\u00edsticas: N52 magn\u00e9tico<\/div>\n<div>MOQ: 100PCS<\/div>\n","protected":false},"featured_media":114475,"template":"","meta":[],"product_brand":[],"product_cat":[467],"product_tag":[8982,8983],"class_list":{"0":"post-114474","1":"product","2":"type-product","3":"status-publish","4":"has-post-thumbnail","6":"product_cat-gadgets-2","7":"product_tag-soporte-magnetico-universal","8":"product_tag-soporte-magnetico-universal-para-telefono-movil","10":"first","11":"instock","12":"shipping-taxable","13":"product-type-simple"},"jetpack_sharing_enabled":true,"_links":{"self":[{"href":"https:\/\/www.mobile-well.com\/es\/wp-json\/wp\/v2\/product\/114474","targetHints":{"allow":["GET"]}}],"collection":[{"href":"https:\/\/www.mobile-well.com\/es\/wp-json\/wp\/v2\/product"}],"about":[{"href":"https:\/\/www.mobile-well.com\/es\/wp-json\/wp\/v2\/types\/product"}],"wp:featuredmedia":[{"embeddable":true,"href":"https:\/\/www.mobile-well.com\/es\/wp-json\/wp\/v2\/media\/114475"}],"wp:attachment":[{"href":"https:\/\/www.mobile-well.com\/es\/wp-json\/wp\/v2\/media?parent=114474"}],"wp:term":[{"taxonomy":"product_brand","embeddable":true,"href":"https:\/\/www.mobile-well.com\/es\/wp-json\/wp\/v2\/product_brand?post=114474"},{"taxonomy":"product_cat","embeddable":true,"href":"https:\/\/www.mobile-well.com\/es\/wp-json\/wp\/v2\/product_cat?post=114474"},{"taxonomy":"product_tag","embeddable":true,"href":"https:\/\/www.mobile-well.com\/es\/wp-json\/wp\/v2\/product_tag?post=114474"}],"curies":[{"name":"wp","href":"https:\/\/api.w.org\/{rel}","templated":true}]}}