{"id":114488,"date":"2023-09-28T14:15:59","date_gmt":"2023-09-28T06:15:59","guid":{"rendered":"https:\/\/www.mobile-well.com\/?post_type=product&#038;p=114488"},"modified":"2023-09-28T14:16:01","modified_gmt":"2023-09-28T06:16:01","slug":"mini-soporte-de-sobremesa-magnetico-plegable-360-grados-para-telefono-movil","status":"publish","type":"product","link":"https:\/\/www.mobile-well.com\/es\/producto\/mini-soporte-de-sobremesa-magnetico-plegable-360-grados-para-telefono-movil\/","title":{"rendered":"MINI Soporte de sobremesa magn\u00e9tico plegable 360 grados para tel\u00e9fono m\u00f3vil"},"content":{"rendered":"","protected":false},"excerpt":{"rendered":"<ul>\n<li>Nombre: 360 \u00b0 im\u00e1n giratorio magsafe soporte del tel\u00e9fono m\u00f3vil-H800<\/li>\n<li>Funci\u00f3n: N52 magn\u00e9tico<\/li>\n<li>MOQ: 200pcs<\/li>\n<\/ul>\n","protected":false},"featured_media":114503,"template":"","meta":[],"product_brand":[],"product_cat":[467],"product_tag":[8984],"class_list":{"0":"post-114488","1":"product","2":"type-product","3":"status-publish","4":"has-post-thumbnail","6":"product_cat-gadgets-2","7":"product_tag-soporte-de-sobremesa-magnetico-plegable","9":"first","10":"instock","11":"shipping-taxable","12":"product-type-simple"},"jetpack_sharing_enabled":true,"_links":{"self":[{"href":"https:\/\/www.mobile-well.com\/es\/wp-json\/wp\/v2\/product\/114488","targetHints":{"allow":["GET"]}}],"collection":[{"href":"https:\/\/www.mobile-well.com\/es\/wp-json\/wp\/v2\/product"}],"about":[{"href":"https:\/\/www.mobile-well.com\/es\/wp-json\/wp\/v2\/types\/product"}],"wp:featuredmedia":[{"embeddable":true,"href":"https:\/\/www.mobile-well.com\/es\/wp-json\/wp\/v2\/media\/114503"}],"wp:attachment":[{"href":"https:\/\/www.mobile-well.com\/es\/wp-json\/wp\/v2\/media?parent=114488"}],"wp:term":[{"taxonomy":"product_brand","embeddable":true,"href":"https:\/\/www.mobile-well.com\/es\/wp-json\/wp\/v2\/product_brand?post=114488"},{"taxonomy":"product_cat","embeddable":true,"href":"https:\/\/www.mobile-well.com\/es\/wp-json\/wp\/v2\/product_cat?post=114488"},{"taxonomy":"product_tag","embeddable":true,"href":"https:\/\/www.mobile-well.com\/es\/wp-json\/wp\/v2\/product_tag?post=114488"}],"curies":[{"name":"wp","href":"https:\/\/api.w.org\/{rel}","templated":true}]}}