{"id":114540,"date":"2023-10-10T14:39:58","date_gmt":"2023-10-10T06:39:58","guid":{"rendered":"https:\/\/www.mobile-well.com\/?post_type=product&#038;p=114540"},"modified":"2023-10-10T14:39:59","modified_gmt":"2023-10-10T06:39:59","slug":"2023-venta-caliente-salpicadero-del-coche-universal-de-montaje-soportes-de-telefono-movil-para-el-telefono-movil","status":"publish","type":"product","link":"https:\/\/www.mobile-well.com\/es\/producto\/2023-venta-caliente-salpicadero-del-coche-universal-de-montaje-soportes-de-telefono-movil-para-el-telefono-movil\/","title":{"rendered":"2023 Venta caliente salpicadero del coche universal de montaje soportes de tel\u00e9fono m\u00f3vil para el tel\u00e9fono m\u00f3vil"},"content":{"rendered":"","protected":false},"excerpt":{"rendered":"<ul>\n<li>Par\u00e1metros: un soporte para tel\u00e9fono de coche con cierre de llave<\/li>\n<li>Material: ABS+Silicona<\/li>\n<li>Soporta tel\u00e9fonos m\u00f3viles de ancho: 55~92mm<\/li>\n<li>Color: Negro<\/li>\n<li>Tama\u00f1o del producto: 105*145*100mm<\/li>\n<li>Peso neto\/bruto:0.143KG\/0.178KG<\/li>\n<li>Tama\u00f1o de la caja de color: 90*77*123mm<\/li>\n<li>Tama\u00f1o de la caja exterior: 52*47*42cm<\/li>\n<li>Peso bruto: 18.8KG<\/li>\n<li>Cantidad\/Cart\u00f3n:100pcs<\/li>\n<\/ul>\n","protected":false},"featured_media":114551,"template":"","meta":[],"product_brand":[],"product_cat":[467],"product_tag":[8988,8989],"class_list":{"0":"post-114540","1":"product","2":"type-product","3":"status-publish","4":"has-post-thumbnail","6":"product_cat-gadgets-2","7":"product_tag-coche-universal-de-montaje-soportes","8":"product_tag-soportes-de-telefono-movil-para-el-telefono-movil","10":"first","11":"instock","12":"shipping-taxable","13":"product-type-simple"},"jetpack_sharing_enabled":true,"_links":{"self":[{"href":"https:\/\/www.mobile-well.com\/es\/wp-json\/wp\/v2\/product\/114540","targetHints":{"allow":["GET"]}}],"collection":[{"href":"https:\/\/www.mobile-well.com\/es\/wp-json\/wp\/v2\/product"}],"about":[{"href":"https:\/\/www.mobile-well.com\/es\/wp-json\/wp\/v2\/types\/product"}],"wp:featuredmedia":[{"embeddable":true,"href":"https:\/\/www.mobile-well.com\/es\/wp-json\/wp\/v2\/media\/114551"}],"wp:attachment":[{"href":"https:\/\/www.mobile-well.com\/es\/wp-json\/wp\/v2\/media?parent=114540"}],"wp:term":[{"taxonomy":"product_brand","embeddable":true,"href":"https:\/\/www.mobile-well.com\/es\/wp-json\/wp\/v2\/product_brand?post=114540"},{"taxonomy":"product_cat","embeddable":true,"href":"https:\/\/www.mobile-well.com\/es\/wp-json\/wp\/v2\/product_cat?post=114540"},{"taxonomy":"product_tag","embeddable":true,"href":"https:\/\/www.mobile-well.com\/es\/wp-json\/wp\/v2\/product_tag?post=114540"}],"curies":[{"name":"wp","href":"https:\/\/api.w.org\/{rel}","templated":true}]}}