{"id":114582,"date":"2023-10-10T15:37:18","date_gmt":"2023-10-10T07:37:18","guid":{"rendered":"https:\/\/www.mobile-well.com\/?post_type=product&#038;p=114582"},"modified":"2023-11-03T15:40:51","modified_gmt":"2023-11-03T07:40:51","slug":"altavoz-bt-inalambrico-hifi-multimedia-movil-portatil-con-luz-rgb-y-funcion-bt-tf-usb-fm-mic-led","status":"publish","type":"product","link":"https:\/\/www.mobile-well.com\/es\/producto\/altavoz-bt-inalambrico-hifi-multimedia-movil-portatil-con-luz-rgb-y-funcion-bt-tf-usb-fm-mic-led\/","title":{"rendered":"Altavoz BT inal\u00e1mbrico HIFI multimedia m\u00f3vil port\u00e1til con luz RGB y funci\u00f3n BT\/TF\/USB\/FM\/MIC\/LED"},"content":{"rendered":"","protected":false},"excerpt":{"rendered":"<ul>\n<li>Rango de respuesta en frecuencia: 80Hz-20KHz<\/li>\n<li>Potencia de salida: 5W*2<\/li>\n<li>Tensi\u00f3n de funcionamiento: DC 3.7V<\/li>\n<li>Versi\u00f3n Bluetooth: Jerry 5.3<\/li>\n<li>Capacidad y tipo de bater\u00eda: 1200MA 18650 con placa de protecci\u00f3n<\/li>\n<li>Tama\u00f1o del altavoz: 52MM<\/li>\n<\/ul>\n","protected":false},"featured_media":114587,"template":"","meta":[],"product_brand":[],"product_cat":[310],"product_tag":[8996],"class_list":{"0":"post-114582","1":"product","2":"type-product","3":"status-publish","4":"has-post-thumbnail","6":"product_cat-parlantes","7":"product_tag-altavoz-bt-inalambrico-hifi","9":"first","10":"instock","11":"shipping-taxable","12":"product-type-simple"},"jetpack_sharing_enabled":true,"_links":{"self":[{"href":"https:\/\/www.mobile-well.com\/es\/wp-json\/wp\/v2\/product\/114582","targetHints":{"allow":["GET"]}}],"collection":[{"href":"https:\/\/www.mobile-well.com\/es\/wp-json\/wp\/v2\/product"}],"about":[{"href":"https:\/\/www.mobile-well.com\/es\/wp-json\/wp\/v2\/types\/product"}],"wp:featuredmedia":[{"embeddable":true,"href":"https:\/\/www.mobile-well.com\/es\/wp-json\/wp\/v2\/media\/114587"}],"wp:attachment":[{"href":"https:\/\/www.mobile-well.com\/es\/wp-json\/wp\/v2\/media?parent=114582"}],"wp:term":[{"taxonomy":"product_brand","embeddable":true,"href":"https:\/\/www.mobile-well.com\/es\/wp-json\/wp\/v2\/product_brand?post=114582"},{"taxonomy":"product_cat","embeddable":true,"href":"https:\/\/www.mobile-well.com\/es\/wp-json\/wp\/v2\/product_cat?post=114582"},{"taxonomy":"product_tag","embeddable":true,"href":"https:\/\/www.mobile-well.com\/es\/wp-json\/wp\/v2\/product_tag?post=114582"}],"curies":[{"name":"wp","href":"https:\/\/api.w.org\/{rel}","templated":true}]}}