{"id":114591,"date":"2023-10-10T15:46:22","date_gmt":"2023-10-10T07:46:22","guid":{"rendered":"https:\/\/www.mobile-well.com\/?post_type=product&#038;p=114591"},"modified":"2023-10-10T15:46:23","modified_gmt":"2023-10-10T07:46:23","slug":"economico-30w-qc3-05v2-4a-doble-puerto-usb-cargador-rapido-portatil-para-coche-adaptador-rapido-para-viajes","status":"publish","type":"product","link":"https:\/\/www.mobile-well.com\/es\/producto\/economico-30w-qc3-05v2-4a-doble-puerto-usb-cargador-rapido-portatil-para-coche-adaptador-rapido-para-viajes\/","title":{"rendered":"Econ\u00f3mico 30W QC3.0+5V2.4A Doble Puerto USB Cargador R\u00e1pido Port\u00e1til para Coche Adaptador R\u00e1pido para Viajes"},"content":{"rendered":"","protected":false},"excerpt":{"rendered":"<ul>\n<li>Marca:SOMOSTEL<\/li>\n<li>Modelo:30W Dual USB Fast Car Charger<\/li>\n<li>Entrada:DC 12- -24V<\/li>\n<li>Salida 1(Puerto USB):5V=3A 9V=3A 12V=2.5A<\/li>\n<li>Salida 2(Puerto USB):5V2.4A<\/li>\n<li>Salida 1+Salida 2= 30W<\/li>\n<li>Artesan\u00eda:Galvanoplastia<\/li>\n<li>Color:Negro\/ Blanco<\/li>\n<li>Peso:21.8G<\/li>\n<\/ul>\n","protected":false},"featured_media":114594,"template":"","meta":[],"product_brand":[],"product_cat":[538],"product_tag":[8997,8998],"class_list":{"0":"post-114591","1":"product","2":"type-product","3":"status-publish","4":"has-post-thumbnail","6":"product_cat-cargadores-de-auto","7":"product_tag-30w-qc3-05v2-4a-doble-puerto-usb-cargador","8":"product_tag-para-coche-adaptador-rapido-para","10":"first","11":"instock","12":"shipping-taxable","13":"product-type-simple"},"jetpack_sharing_enabled":true,"_links":{"self":[{"href":"https:\/\/www.mobile-well.com\/es\/wp-json\/wp\/v2\/product\/114591","targetHints":{"allow":["GET"]}}],"collection":[{"href":"https:\/\/www.mobile-well.com\/es\/wp-json\/wp\/v2\/product"}],"about":[{"href":"https:\/\/www.mobile-well.com\/es\/wp-json\/wp\/v2\/types\/product"}],"wp:featuredmedia":[{"embeddable":true,"href":"https:\/\/www.mobile-well.com\/es\/wp-json\/wp\/v2\/media\/114594"}],"wp:attachment":[{"href":"https:\/\/www.mobile-well.com\/es\/wp-json\/wp\/v2\/media?parent=114591"}],"wp:term":[{"taxonomy":"product_brand","embeddable":true,"href":"https:\/\/www.mobile-well.com\/es\/wp-json\/wp\/v2\/product_brand?post=114591"},{"taxonomy":"product_cat","embeddable":true,"href":"https:\/\/www.mobile-well.com\/es\/wp-json\/wp\/v2\/product_cat?post=114591"},{"taxonomy":"product_tag","embeddable":true,"href":"https:\/\/www.mobile-well.com\/es\/wp-json\/wp\/v2\/product_tag?post=114591"}],"curies":[{"name":"wp","href":"https:\/\/api.w.org\/{rel}","templated":true}]}}