{"id":114891,"date":"2023-11-02T15:22:06","date_gmt":"2023-11-02T07:22:06","guid":{"rendered":"https:\/\/www.mobile-well.com\/?post_type=product&#038;p=114891"},"modified":"2023-11-02T16:13:19","modified_gmt":"2023-11-02T08:13:19","slug":"2-en-1-caja-del-telefono-del-diseno-de-la-decoracion-de-la-flor-del-epoxido-del-agujero-de-la-precision","status":"publish","type":"product","link":"https:\/\/www.mobile-well.com\/es\/producto\/2-en-1-caja-del-telefono-del-diseno-de-la-decoracion-de-la-flor-del-epoxido-del-agujero-de-la-precision\/","title":{"rendered":"2 en 1 caja del tel\u00e9fono del dise\u00f1o de la decoraci\u00f3n de la flor del ep\u00f3xido del agujero de la precisi\u00f3n"},"content":{"rendered":"","protected":false},"excerpt":{"rendered":"<ul>\n<li>Producto NO.:P2709-A09<\/li>\n<li>Material:Epoxy + Decoraci\u00f3n<\/li>\n<li>Artesan\u00eda:PC+Silicona<\/li>\n<li>MOQ:200Pcs\/Modelo,50Pcs\/Color<\/li>\n<li>Producto N.M .:60.90g<\/li>\n<li>Tama\u00f1o CTN:60*45*33cm,500pcs\/ctn ,30.45kg<\/li>\n<\/ul>\n","protected":false},"featured_media":114892,"template":"","meta":[],"product_brand":[],"product_cat":[77],"product_tag":[9298,1315],"class_list":{"0":"post-114891","1":"product","2":"type-product","3":"status-publish","4":"has-post-thumbnail","6":"product_cat-fundas","7":"product_tag-2-en-1-caja-del-telefono-del-diseno","8":"product_tag-funda-2-en-1-2","10":"first","11":"instock","12":"shipping-taxable","13":"product-type-simple"},"jetpack_sharing_enabled":true,"_links":{"self":[{"href":"https:\/\/www.mobile-well.com\/es\/wp-json\/wp\/v2\/product\/114891","targetHints":{"allow":["GET"]}}],"collection":[{"href":"https:\/\/www.mobile-well.com\/es\/wp-json\/wp\/v2\/product"}],"about":[{"href":"https:\/\/www.mobile-well.com\/es\/wp-json\/wp\/v2\/types\/product"}],"wp:featuredmedia":[{"embeddable":true,"href":"https:\/\/www.mobile-well.com\/es\/wp-json\/wp\/v2\/media\/114892"}],"wp:attachment":[{"href":"https:\/\/www.mobile-well.com\/es\/wp-json\/wp\/v2\/media?parent=114891"}],"wp:term":[{"taxonomy":"product_brand","embeddable":true,"href":"https:\/\/www.mobile-well.com\/es\/wp-json\/wp\/v2\/product_brand?post=114891"},{"taxonomy":"product_cat","embeddable":true,"href":"https:\/\/www.mobile-well.com\/es\/wp-json\/wp\/v2\/product_cat?post=114891"},{"taxonomy":"product_tag","embeddable":true,"href":"https:\/\/www.mobile-well.com\/es\/wp-json\/wp\/v2\/product_tag?post=114891"}],"curies":[{"name":"wp","href":"https:\/\/api.w.org\/{rel}","templated":true}]}}