{"id":114904,"date":"2023-11-02T15:30:46","date_gmt":"2023-11-02T07:30:46","guid":{"rendered":"https:\/\/www.mobile-well.com\/?post_type=product&#038;p=114904"},"modified":"2023-11-02T15:31:11","modified_gmt":"2023-11-02T07:31:11","slug":"funda-para-telefono-movil-pcsilicona-2-en-1-con-diseno-de-pulsera-en-forma-de-corazon","status":"publish","type":"product","link":"https:\/\/www.mobile-well.com\/es\/producto\/funda-para-telefono-movil-pcsilicona-2-en-1-con-diseno-de-pulsera-en-forma-de-corazon\/","title":{"rendered":"Funda para tel\u00e9fono m\u00f3vil PC+Silicona 2 en 1 con dise\u00f1o de pulsera en forma de coraz\u00f3n"},"content":{"rendered":"","protected":false},"excerpt":{"rendered":"<ul>\n<li>Producto NO.:P2709-A05<\/li>\n<li>Material:Pintura + Epoxy+brazaletes<\/li>\n<li>Artesan\u00eda:PC+Silicona<\/li>\n<li>MOQ:200Pcs\/Modelo,50Pcs\/Color<\/li>\n<li>Producto N.M .:67.90g<\/li>\n<li>Tama\u00f1o CTN:60*45*33cm,500pcs\/ctn ,33.95kg<\/li>\n<\/ul>\n","protected":false},"featured_media":114915,"template":"","meta":[],"product_brand":[],"product_cat":[77],"product_tag":[9300,9299],"class_list":{"0":"post-114904","1":"product","2":"type-product","3":"status-publish","4":"has-post-thumbnail","6":"product_cat-fundas","7":"product_tag-2-en-1-con-diseno","8":"product_tag-funda-para-telefono-movil-pcsilicona-2-en-1","10":"first","11":"instock","12":"shipping-taxable","13":"product-type-simple"},"jetpack_sharing_enabled":true,"_links":{"self":[{"href":"https:\/\/www.mobile-well.com\/es\/wp-json\/wp\/v2\/product\/114904","targetHints":{"allow":["GET"]}}],"collection":[{"href":"https:\/\/www.mobile-well.com\/es\/wp-json\/wp\/v2\/product"}],"about":[{"href":"https:\/\/www.mobile-well.com\/es\/wp-json\/wp\/v2\/types\/product"}],"wp:featuredmedia":[{"embeddable":true,"href":"https:\/\/www.mobile-well.com\/es\/wp-json\/wp\/v2\/media\/114915"}],"wp:attachment":[{"href":"https:\/\/www.mobile-well.com\/es\/wp-json\/wp\/v2\/media?parent=114904"}],"wp:term":[{"taxonomy":"product_brand","embeddable":true,"href":"https:\/\/www.mobile-well.com\/es\/wp-json\/wp\/v2\/product_brand?post=114904"},{"taxonomy":"product_cat","embeddable":true,"href":"https:\/\/www.mobile-well.com\/es\/wp-json\/wp\/v2\/product_cat?post=114904"},{"taxonomy":"product_tag","embeddable":true,"href":"https:\/\/www.mobile-well.com\/es\/wp-json\/wp\/v2\/product_tag?post=114904"}],"curies":[{"name":"wp","href":"https:\/\/api.w.org\/{rel}","templated":true}]}}