{"id":114930,"date":"2023-11-02T15:51:54","date_gmt":"2023-11-02T07:51:54","guid":{"rendered":"https:\/\/www.mobile-well.com\/?post_type=product&#038;p=114930"},"modified":"2023-11-02T15:52:19","modified_gmt":"2023-11-02T07:52:19","slug":"pcsilicio-2-en-1-con-caja-del-telefono-de-las-pulseras-del-diseno-del-corazon","status":"publish","type":"product","link":"https:\/\/www.mobile-well.com\/es\/producto\/pcsilicio-2-en-1-con-caja-del-telefono-de-las-pulseras-del-diseno-del-corazon\/","title":{"rendered":"PC+silicio 2 en 1 con caja del tel\u00e9fono de las pulseras del dise\u00f1o del coraz\u00f3n"},"content":{"rendered":"","protected":false},"excerpt":{"rendered":"<ul>\n<li>Producto NO.:P2709-A11<\/li>\n<li>Material:Pintura + Epoxy + pulseras<\/li>\n<li>Artesan\u00eda:PC+Silicona<\/li>\n<li>MOQ:200Pcs\/Modelo,50Pcs\/Color<\/li>\n<li>Producto N.M .:67.30g<\/li>\n<li>Tama\u00f1o CTN:60*45*33cm,500pcs\/ctn ,33.65kg<\/li>\n<\/ul>\n","protected":false},"featured_media":114947,"template":"","meta":[],"product_brand":[],"product_cat":[77],"product_tag":[9302],"class_list":{"0":"post-114930","1":"product","2":"type-product","3":"status-publish","4":"has-post-thumbnail","6":"product_cat-fundas","7":"product_tag-2-en-1-con-caja-del-telefono","9":"first","10":"instock","11":"shipping-taxable","12":"product-type-simple"},"jetpack_sharing_enabled":true,"_links":{"self":[{"href":"https:\/\/www.mobile-well.com\/es\/wp-json\/wp\/v2\/product\/114930","targetHints":{"allow":["GET"]}}],"collection":[{"href":"https:\/\/www.mobile-well.com\/es\/wp-json\/wp\/v2\/product"}],"about":[{"href":"https:\/\/www.mobile-well.com\/es\/wp-json\/wp\/v2\/types\/product"}],"wp:featuredmedia":[{"embeddable":true,"href":"https:\/\/www.mobile-well.com\/es\/wp-json\/wp\/v2\/media\/114947"}],"wp:attachment":[{"href":"https:\/\/www.mobile-well.com\/es\/wp-json\/wp\/v2\/media?parent=114930"}],"wp:term":[{"taxonomy":"product_brand","embeddable":true,"href":"https:\/\/www.mobile-well.com\/es\/wp-json\/wp\/v2\/product_brand?post=114930"},{"taxonomy":"product_cat","embeddable":true,"href":"https:\/\/www.mobile-well.com\/es\/wp-json\/wp\/v2\/product_cat?post=114930"},{"taxonomy":"product_tag","embeddable":true,"href":"https:\/\/www.mobile-well.com\/es\/wp-json\/wp\/v2\/product_tag?post=114930"}],"curies":[{"name":"wp","href":"https:\/\/api.w.org\/{rel}","templated":true}]}}