{"id":114990,"date":"2023-11-03T17:17:17","date_gmt":"2023-11-03T09:17:17","guid":{"rendered":"https:\/\/www.mobile-well.com\/?post_type=product&#038;p=114990"},"modified":"2023-11-03T17:19:03","modified_gmt":"2023-11-03T09:19:03","slug":"pc-silicona-2-en-1-epoxy-conejo-decoracion-diseno-a-prueba-de-golpes-caso-del-telefono","status":"publish","type":"product","link":"https:\/\/www.mobile-well.com\/es\/producto\/pc-silicona-2-en-1-epoxy-conejo-decoracion-diseno-a-prueba-de-golpes-caso-del-telefono\/","title":{"rendered":"PC + silicona 2 en 1 Epoxy conejo decoraci\u00f3n dise\u00f1o a prueba de golpes caso del tel\u00e9fono"},"content":{"rendered":"","protected":false},"excerpt":{"rendered":"<ul>\n<li>Producto NO.:P2709-A07<\/li>\n<li>Material: epoxi + decoraci\u00f3n.<\/li>\n<li>Artesan\u00eda: PC + silicona<\/li>\n<li>Cantidad m\u00ednima de pedido: 200 unidades\/modelo, 50 unidades\/color.<\/li>\n<li>Producto N.M.:57.80g<\/li>\n<li>Tama\u00f1o del CTN: 60*45*33 cm, 500 unidades\/caja, 28,90 kg<\/li>\n<\/ul>\n","protected":false},"featured_media":114993,"template":"","meta":[],"product_brand":[],"product_cat":[77],"product_tag":[9327,9328],"class_list":{"0":"post-114990","1":"product","2":"type-product","3":"status-publish","4":"has-post-thumbnail","6":"product_cat-fundas","7":"product_tag-pc-silicona-2-en-1","8":"product_tag-prueba-de-golpes-caso-del-telefono","10":"first","11":"instock","12":"shipping-taxable","13":"product-type-simple"},"jetpack_sharing_enabled":true,"_links":{"self":[{"href":"https:\/\/www.mobile-well.com\/es\/wp-json\/wp\/v2\/product\/114990","targetHints":{"allow":["GET"]}}],"collection":[{"href":"https:\/\/www.mobile-well.com\/es\/wp-json\/wp\/v2\/product"}],"about":[{"href":"https:\/\/www.mobile-well.com\/es\/wp-json\/wp\/v2\/types\/product"}],"wp:featuredmedia":[{"embeddable":true,"href":"https:\/\/www.mobile-well.com\/es\/wp-json\/wp\/v2\/media\/114993"}],"wp:attachment":[{"href":"https:\/\/www.mobile-well.com\/es\/wp-json\/wp\/v2\/media?parent=114990"}],"wp:term":[{"taxonomy":"product_brand","embeddable":true,"href":"https:\/\/www.mobile-well.com\/es\/wp-json\/wp\/v2\/product_brand?post=114990"},{"taxonomy":"product_cat","embeddable":true,"href":"https:\/\/www.mobile-well.com\/es\/wp-json\/wp\/v2\/product_cat?post=114990"},{"taxonomy":"product_tag","embeddable":true,"href":"https:\/\/www.mobile-well.com\/es\/wp-json\/wp\/v2\/product_tag?post=114990"}],"curies":[{"name":"wp","href":"https:\/\/api.w.org\/{rel}","templated":true}]}}