{"id":115022,"date":"2023-11-06T15:45:01","date_gmt":"2023-11-06T07:45:01","guid":{"rendered":"https:\/\/www.mobile-well.com\/?post_type=product&#038;p=115022"},"modified":"2023-11-06T17:23:10","modified_gmt":"2023-11-06T09:23:10","slug":"mayoristas-pcsilicona-2-en-1-carcasas-para-telefonos-moviles-con-diseno-de-decoracion-floral-con-pintura-epoxi","status":"publish","type":"product","link":"https:\/\/www.mobile-well.com\/es\/producto\/mayoristas-pcsilicona-2-en-1-carcasas-para-telefonos-moviles-con-diseno-de-decoracion-floral-con-pintura-epoxi\/","title":{"rendered":"Mayoristas PC+silicona 2 en 1 carcasas para tel\u00e9fonos m\u00f3viles con dise\u00f1o de decoraci\u00f3n floral con pintura epoxi"},"content":{"rendered":"","protected":false},"excerpt":{"rendered":"<ul>\n<li>Producto NO.:P2709-A10<\/li>\n<li>Material:Pintura + Epoxy + Decoraci\u00f3n<\/li>\n<li>Artesan\u00eda:PC+Silicona<\/li>\n<li>MOQ:200Pcs\/Modelo,50Pcs\/Color<\/li>\n<li>Producto N.M .:62.20g<\/li>\n<li>Tama\u00f1o CTN:60*45*33cm,500pcs\/ctn ,31.10kg<\/li>\n<\/ul>\n","protected":false},"featured_media":115029,"template":"","meta":[],"product_brand":[],"product_cat":[77],"product_tag":[9330,1315],"class_list":{"0":"post-115022","1":"product","2":"type-product","3":"status-publish","4":"has-post-thumbnail","6":"product_cat-fundas","7":"product_tag-2-en-1-carcasas-para-telefonos-moviles","8":"product_tag-funda-2-en-1-2","10":"first","11":"instock","12":"shipping-taxable","13":"product-type-simple"},"jetpack_sharing_enabled":true,"_links":{"self":[{"href":"https:\/\/www.mobile-well.com\/es\/wp-json\/wp\/v2\/product\/115022","targetHints":{"allow":["GET"]}}],"collection":[{"href":"https:\/\/www.mobile-well.com\/es\/wp-json\/wp\/v2\/product"}],"about":[{"href":"https:\/\/www.mobile-well.com\/es\/wp-json\/wp\/v2\/types\/product"}],"wp:featuredmedia":[{"embeddable":true,"href":"https:\/\/www.mobile-well.com\/es\/wp-json\/wp\/v2\/media\/115029"}],"wp:attachment":[{"href":"https:\/\/www.mobile-well.com\/es\/wp-json\/wp\/v2\/media?parent=115022"}],"wp:term":[{"taxonomy":"product_brand","embeddable":true,"href":"https:\/\/www.mobile-well.com\/es\/wp-json\/wp\/v2\/product_brand?post=115022"},{"taxonomy":"product_cat","embeddable":true,"href":"https:\/\/www.mobile-well.com\/es\/wp-json\/wp\/v2\/product_cat?post=115022"},{"taxonomy":"product_tag","embeddable":true,"href":"https:\/\/www.mobile-well.com\/es\/wp-json\/wp\/v2\/product_tag?post=115022"}],"curies":[{"name":"wp","href":"https:\/\/api.w.org\/{rel}","templated":true}]}}