{"id":115052,"date":"2023-11-06T17:09:15","date_gmt":"2023-11-06T09:09:15","guid":{"rendered":"https:\/\/www.mobile-well.com\/?post_type=product&#038;p=115052"},"modified":"2023-11-06T17:09:39","modified_gmt":"2023-11-06T09:09:39","slug":"venta-caliente-2-en-1-cubierta-protectora-suave-del-diseno-de-la-decoracion-de-la-forma-del-corazon-de-la-banda-del-silicon-de-la-caja-del-telefono-de-la-pc","status":"publish","type":"product","link":"https:\/\/www.mobile-well.com\/es\/producto\/venta-caliente-2-en-1-cubierta-protectora-suave-del-diseno-de-la-decoracion-de-la-forma-del-corazon-de-la-banda-del-silicon-de-la-caja-del-telefono-de-la-pc\/","title":{"rendered":"Venta caliente 2 en 1 cubierta protectora suave del dise\u00f1o de la decoraci\u00f3n de la forma del coraz\u00f3n de la banda del silic\u00f3n de la caja del tel\u00e9fono de la PC"},"content":{"rendered":"","protected":false},"excerpt":{"rendered":"<ul>\n<li>Producto NO.:P2709-A08<\/li>\n<li>Material:Epoxy + Decoraci\u00f3n<\/li>\n<li>Artesan\u00eda:PC+Silicona<\/li>\n<li>MOQ:200Pcs\/Modelo,50Pcs\/Color<\/li>\n<li>Producto N.M .:55.30g<\/li>\n<li>Tama\u00f1o CTN:60*45*33cm,500pcs\/ctn ,27.65kg<\/li>\n<\/ul>\n","protected":false},"featured_media":115055,"template":"","meta":[],"product_brand":[],"product_cat":[77],"product_tag":[9332,9333],"class_list":{"0":"post-115052","1":"product","2":"type-product","3":"status-publish","4":"has-post-thumbnail","6":"product_cat-fundas","7":"product_tag-2-en-1-cubierta-protectora-suave-del-diseno","8":"product_tag-caja-del-telefono-de-la-pc","10":"first","11":"instock","12":"shipping-taxable","13":"product-type-simple"},"jetpack_sharing_enabled":true,"_links":{"self":[{"href":"https:\/\/www.mobile-well.com\/es\/wp-json\/wp\/v2\/product\/115052","targetHints":{"allow":["GET"]}}],"collection":[{"href":"https:\/\/www.mobile-well.com\/es\/wp-json\/wp\/v2\/product"}],"about":[{"href":"https:\/\/www.mobile-well.com\/es\/wp-json\/wp\/v2\/types\/product"}],"wp:featuredmedia":[{"embeddable":true,"href":"https:\/\/www.mobile-well.com\/es\/wp-json\/wp\/v2\/media\/115055"}],"wp:attachment":[{"href":"https:\/\/www.mobile-well.com\/es\/wp-json\/wp\/v2\/media?parent=115052"}],"wp:term":[{"taxonomy":"product_brand","embeddable":true,"href":"https:\/\/www.mobile-well.com\/es\/wp-json\/wp\/v2\/product_brand?post=115052"},{"taxonomy":"product_cat","embeddable":true,"href":"https:\/\/www.mobile-well.com\/es\/wp-json\/wp\/v2\/product_cat?post=115052"},{"taxonomy":"product_tag","embeddable":true,"href":"https:\/\/www.mobile-well.com\/es\/wp-json\/wp\/v2\/product_tag?post=115052"}],"curies":[{"name":"wp","href":"https:\/\/api.w.org\/{rel}","templated":true}]}}