{"id":115063,"date":"2023-11-06T17:21:11","date_gmt":"2023-11-06T09:21:11","guid":{"rendered":"https:\/\/www.mobile-well.com\/?post_type=product&#038;p=115063"},"modified":"2023-11-06T17:22:31","modified_gmt":"2023-11-06T09:22:31","slug":"2-en-1-mariposas-decoracion-diseno-epoxy-anticaida-funda-movil","status":"publish","type":"product","link":"https:\/\/www.mobile-well.com\/es\/producto\/2-en-1-mariposas-decoracion-diseno-epoxy-anticaida-funda-movil\/","title":{"rendered":"2 en 1 mariposas decoraci\u00f3n dise\u00f1o Epoxy Antica\u00edda funda m\u00f3vil"},"content":{"rendered":"","protected":false},"excerpt":{"rendered":"<ul>\n<li>Producto NO.:P2709-A03<\/li>\n<li>Material:Epoxy + Decoraci\u00f3n<\/li>\n<li>Artesan\u00eda:PC+Silicona<\/li>\n<li>MOQ:200Pcs\/Modelo,50Pcs\/Color<\/li>\n<li>N.M. del producto:58.90g<\/li>\n<li>Tama\u00f1o CTN:60*45*33cm,500pcs\/ctn ,29.45kg<\/li>\n<\/ul>\n","protected":false},"featured_media":115066,"template":"","meta":[],"product_brand":[],"product_cat":[77],"product_tag":[9334,1315],"class_list":{"0":"post-115063","1":"product","2":"type-product","3":"status-publish","4":"has-post-thumbnail","6":"product_cat-fundas","7":"product_tag-epoxy-anticaida-funda-movil","8":"product_tag-funda-2-en-1-2","10":"first","11":"instock","12":"shipping-taxable","13":"product-type-simple"},"jetpack_sharing_enabled":true,"_links":{"self":[{"href":"https:\/\/www.mobile-well.com\/es\/wp-json\/wp\/v2\/product\/115063","targetHints":{"allow":["GET"]}}],"collection":[{"href":"https:\/\/www.mobile-well.com\/es\/wp-json\/wp\/v2\/product"}],"about":[{"href":"https:\/\/www.mobile-well.com\/es\/wp-json\/wp\/v2\/types\/product"}],"wp:featuredmedia":[{"embeddable":true,"href":"https:\/\/www.mobile-well.com\/es\/wp-json\/wp\/v2\/media\/115066"}],"wp:attachment":[{"href":"https:\/\/www.mobile-well.com\/es\/wp-json\/wp\/v2\/media?parent=115063"}],"wp:term":[{"taxonomy":"product_brand","embeddable":true,"href":"https:\/\/www.mobile-well.com\/es\/wp-json\/wp\/v2\/product_brand?post=115063"},{"taxonomy":"product_cat","embeddable":true,"href":"https:\/\/www.mobile-well.com\/es\/wp-json\/wp\/v2\/product_cat?post=115063"},{"taxonomy":"product_tag","embeddable":true,"href":"https:\/\/www.mobile-well.com\/es\/wp-json\/wp\/v2\/product_tag?post=115063"}],"curies":[{"name":"wp","href":"https:\/\/api.w.org\/{rel}","templated":true}]}}