{"id":115168,"date":"2023-11-08T17:05:56","date_gmt":"2023-11-08T09:05:56","guid":{"rendered":"https:\/\/www.mobile-well.com\/?post_type=product&#038;p=115168"},"modified":"2023-11-08T17:05:57","modified_gmt":"2023-11-08T09:05:57","slug":"alta-calidad-pd-20w-60w-abs-transparente-trenzado-carga-rapida-telefono-movil-usb-cable-de-datos","status":"publish","type":"product","link":"https:\/\/www.mobile-well.com\/es\/producto\/alta-calidad-pd-20w-60w-abs-transparente-trenzado-carga-rapida-telefono-movil-usb-cable-de-datos\/","title":{"rendered":"Alta Calidad PD 20W\/ 60W ABS Transparente Trenzado Carga R\u00e1pida Tel\u00e9fono M\u00f3vil USB Cable de Datos"},"content":{"rendered":"","protected":false},"excerpt":{"rendered":"<ul>\n<li>Tipo de enchufe: Tipo -C a Tipo-C, Tipo-C a I-PH<\/li>\n<li>Color: blanco, verde, rosa, amarillo, azul<\/li>\n<li>Longitud: 1000MM<\/li>\n<li>Material: ABS transparente + trenzado<\/li>\n<li>Salida: 20W\/60W<\/li>\n<li>Funci\u00f3n: Carga + Transferencia de datos<\/li>\n<li>Producto N.W: 34,7g<\/li>\n<\/ul>\n","protected":false},"featured_media":115173,"template":"","meta":[],"product_brand":[],"product_cat":[586],"product_tag":[9353,9354],"class_list":{"0":"post-115168","1":"product","2":"type-product","3":"status-publish","4":"has-post-thumbnail","6":"product_cat-cables-usb","7":"product_tag-transparente-trenzado-carga-rapida-telefono-movil","8":"product_tag-usb-cable-de-datos","10":"first","11":"instock","12":"shipping-taxable","13":"product-type-simple"},"jetpack_sharing_enabled":true,"_links":{"self":[{"href":"https:\/\/www.mobile-well.com\/es\/wp-json\/wp\/v2\/product\/115168","targetHints":{"allow":["GET"]}}],"collection":[{"href":"https:\/\/www.mobile-well.com\/es\/wp-json\/wp\/v2\/product"}],"about":[{"href":"https:\/\/www.mobile-well.com\/es\/wp-json\/wp\/v2\/types\/product"}],"wp:featuredmedia":[{"embeddable":true,"href":"https:\/\/www.mobile-well.com\/es\/wp-json\/wp\/v2\/media\/115173"}],"wp:attachment":[{"href":"https:\/\/www.mobile-well.com\/es\/wp-json\/wp\/v2\/media?parent=115168"}],"wp:term":[{"taxonomy":"product_brand","embeddable":true,"href":"https:\/\/www.mobile-well.com\/es\/wp-json\/wp\/v2\/product_brand?post=115168"},{"taxonomy":"product_cat","embeddable":true,"href":"https:\/\/www.mobile-well.com\/es\/wp-json\/wp\/v2\/product_cat?post=115168"},{"taxonomy":"product_tag","embeddable":true,"href":"https:\/\/www.mobile-well.com\/es\/wp-json\/wp\/v2\/product_tag?post=115168"}],"curies":[{"name":"wp","href":"https:\/\/api.w.org\/{rel}","templated":true}]}}