{"id":115177,"date":"2023-11-08T17:21:31","date_gmt":"2023-11-08T09:21:31","guid":{"rendered":"https:\/\/www.mobile-well.com\/?post_type=product&#038;p=115177"},"modified":"2023-11-08T17:23:47","modified_gmt":"2023-11-08T09:23:47","slug":"pcsilicona-2-en-1-epoxy-pintura-diseno-corazon-pulseras-funda-telefono","status":"publish","type":"product","link":"https:\/\/www.mobile-well.com\/es\/producto\/pcsilicona-2-en-1-epoxy-pintura-diseno-corazon-pulseras-funda-telefono\/","title":{"rendered":"PC+silicona 2 en 1 Epoxy pintura dise\u00f1o coraz\u00f3n pulseras funda tel\u00e9fono"},"content":{"rendered":"","protected":false},"excerpt":{"rendered":"<ul>\n<li>Producto NO.:P2709-A16<\/li>\n<li>Material: pintura + epoxi + pulseras.<\/li>\n<li>Artesan\u00eda: PC + silicona<\/li>\n<li>Cantidad m\u00ednima de pedido: 200 unidades\/modelo, 50 unidades\/color.<\/li>\n<li>Producto N.M.:75.40g<\/li>\n<li>Tama\u00f1o de la caja: 60*45*33 cm, 500 unidades\/caja, 37,70 kg<\/li>\n<\/ul>\n","protected":false},"featured_media":115181,"template":"","meta":[],"product_brand":[],"product_cat":[77],"product_tag":[1315,9355],"class_list":{"0":"post-115177","1":"product","2":"type-product","3":"status-publish","4":"has-post-thumbnail","6":"product_cat-fundas","7":"product_tag-funda-2-en-1-2","8":"product_tag-pulseras-funda-telefono","10":"first","11":"instock","12":"shipping-taxable","13":"product-type-simple"},"jetpack_sharing_enabled":true,"_links":{"self":[{"href":"https:\/\/www.mobile-well.com\/es\/wp-json\/wp\/v2\/product\/115177","targetHints":{"allow":["GET"]}}],"collection":[{"href":"https:\/\/www.mobile-well.com\/es\/wp-json\/wp\/v2\/product"}],"about":[{"href":"https:\/\/www.mobile-well.com\/es\/wp-json\/wp\/v2\/types\/product"}],"wp:featuredmedia":[{"embeddable":true,"href":"https:\/\/www.mobile-well.com\/es\/wp-json\/wp\/v2\/media\/115181"}],"wp:attachment":[{"href":"https:\/\/www.mobile-well.com\/es\/wp-json\/wp\/v2\/media?parent=115177"}],"wp:term":[{"taxonomy":"product_brand","embeddable":true,"href":"https:\/\/www.mobile-well.com\/es\/wp-json\/wp\/v2\/product_brand?post=115177"},{"taxonomy":"product_cat","embeddable":true,"href":"https:\/\/www.mobile-well.com\/es\/wp-json\/wp\/v2\/product_cat?post=115177"},{"taxonomy":"product_tag","embeddable":true,"href":"https:\/\/www.mobile-well.com\/es\/wp-json\/wp\/v2\/product_tag?post=115177"}],"curies":[{"name":"wp","href":"https:\/\/api.w.org\/{rel}","templated":true}]}}