{"id":115197,"date":"2023-11-09T16:53:02","date_gmt":"2023-11-09T08:53:02","guid":{"rendered":"https:\/\/www.mobile-well.com\/?post_type=product&#038;p=115197"},"modified":"2023-11-09T16:53:06","modified_gmt":"2023-11-09T08:53:06","slug":"nuevos-altavoces-bt-inalambricos-con-luz-rgb-y-conexion-inalambrica-radios-funcion-usb","status":"publish","type":"product","link":"https:\/\/www.mobile-well.com\/es\/producto\/nuevos-altavoces-bt-inalambricos-con-luz-rgb-y-conexion-inalambrica-radios-funcion-usb\/","title":{"rendered":"Nuevos Altavoces BT Inal\u00e1mbricos con Luz RGB y Conexi\u00f3n Inal\u00e1mbrica\/radios\/Funci\u00f3n USB"},"content":{"rendered":"","protected":false},"excerpt":{"rendered":"<ul>\n<li>Funci\u00f3n: Funci\u00f3n USB, con radio, funci\u00f3n Bluetooth Pareado TWS, con luz m\u00e1gica RGB Unidad de altavoz: 2&#8243;<\/li>\n<li>Capacidad de la bater\u00eda: 1500mah<\/li>\n<li>Material: ABS<\/li>\n<li>Color: Negro<\/li>\n<li>Tama\u00f1o del producto (mm): 176x164x398mm<\/li>\n<\/ul>\n","protected":false},"featured_media":115198,"template":"","meta":[],"product_brand":[],"product_cat":[310],"product_tag":[8991],"class_list":{"0":"post-115197","1":"product","2":"type-product","3":"status-publish","4":"has-post-thumbnail","6":"product_cat-parlantes","7":"product_tag-altavoces-bt-inalambricos","9":"first","10":"instock","11":"shipping-taxable","12":"product-type-simple"},"jetpack_sharing_enabled":true,"_links":{"self":[{"href":"https:\/\/www.mobile-well.com\/es\/wp-json\/wp\/v2\/product\/115197","targetHints":{"allow":["GET"]}}],"collection":[{"href":"https:\/\/www.mobile-well.com\/es\/wp-json\/wp\/v2\/product"}],"about":[{"href":"https:\/\/www.mobile-well.com\/es\/wp-json\/wp\/v2\/types\/product"}],"wp:featuredmedia":[{"embeddable":true,"href":"https:\/\/www.mobile-well.com\/es\/wp-json\/wp\/v2\/media\/115198"}],"wp:attachment":[{"href":"https:\/\/www.mobile-well.com\/es\/wp-json\/wp\/v2\/media?parent=115197"}],"wp:term":[{"taxonomy":"product_brand","embeddable":true,"href":"https:\/\/www.mobile-well.com\/es\/wp-json\/wp\/v2\/product_brand?post=115197"},{"taxonomy":"product_cat","embeddable":true,"href":"https:\/\/www.mobile-well.com\/es\/wp-json\/wp\/v2\/product_cat?post=115197"},{"taxonomy":"product_tag","embeddable":true,"href":"https:\/\/www.mobile-well.com\/es\/wp-json\/wp\/v2\/product_tag?post=115197"}],"curies":[{"name":"wp","href":"https:\/\/api.w.org\/{rel}","templated":true}]}}