{"id":115212,"date":"2023-11-09T17:05:21","date_gmt":"2023-11-09T09:05:21","guid":{"rendered":"https:\/\/www.mobile-well.com\/?post_type=product&#038;p=115212"},"modified":"2023-11-09T17:05:23","modified_gmt":"2023-11-09T09:05:23","slug":"presidente-inalambrico-de-bt-de-la-iluminacion-colorida-portatil-del-rgb-con-la-funcion-de-bt-tf-usb-fm-led","status":"publish","type":"product","link":"https:\/\/www.mobile-well.com\/es\/producto\/presidente-inalambrico-de-bt-de-la-iluminacion-colorida-portatil-del-rgb-con-la-funcion-de-bt-tf-usb-fm-led\/","title":{"rendered":"Presidente inal\u00e1mbrico de BT de la iluminaci\u00f3n colorida port\u00e1til del RGB con la funci\u00f3n de BT\/TF\/USB\/FM\/LED"},"content":{"rendered":"","protected":false},"excerpt":{"rendered":"<ul>\n<li>Funci\u00f3n: Funci\u00f3n USB, con radio, funci\u00f3n Bluetooth Pareado TWS, con luz m\u00e1gica RGB Unidad de altavoz: 2&#8243;<\/li>\n<li>Material: ABS<\/li>\n<li>Capacidad de la bater\u00eda: 600mah<\/li>\n<li>Color: Negro<\/li>\n<li>Cantidad m\u00ednima de pedido: 12 unidades<\/li>\n<li>Tama\u00f1o del producto (mm): 90*90*140<\/li>\n<li>Peso bruto: 28,57 KG<\/li>\n<\/ul>\n","protected":false},"featured_media":115213,"template":"","meta":[],"product_brand":[],"product_cat":[310],"product_tag":[9357],"class_list":{"0":"post-115212","1":"product","2":"type-product","3":"status-publish","4":"has-post-thumbnail","6":"product_cat-parlantes","7":"product_tag-presidente-inalambrico-de-bt","9":"first","10":"instock","11":"shipping-taxable","12":"product-type-simple"},"jetpack_sharing_enabled":true,"_links":{"self":[{"href":"https:\/\/www.mobile-well.com\/es\/wp-json\/wp\/v2\/product\/115212","targetHints":{"allow":["GET"]}}],"collection":[{"href":"https:\/\/www.mobile-well.com\/es\/wp-json\/wp\/v2\/product"}],"about":[{"href":"https:\/\/www.mobile-well.com\/es\/wp-json\/wp\/v2\/types\/product"}],"wp:featuredmedia":[{"embeddable":true,"href":"https:\/\/www.mobile-well.com\/es\/wp-json\/wp\/v2\/media\/115213"}],"wp:attachment":[{"href":"https:\/\/www.mobile-well.com\/es\/wp-json\/wp\/v2\/media?parent=115212"}],"wp:term":[{"taxonomy":"product_brand","embeddable":true,"href":"https:\/\/www.mobile-well.com\/es\/wp-json\/wp\/v2\/product_brand?post=115212"},{"taxonomy":"product_cat","embeddable":true,"href":"https:\/\/www.mobile-well.com\/es\/wp-json\/wp\/v2\/product_cat?post=115212"},{"taxonomy":"product_tag","embeddable":true,"href":"https:\/\/www.mobile-well.com\/es\/wp-json\/wp\/v2\/product_tag?post=115212"}],"curies":[{"name":"wp","href":"https:\/\/api.w.org\/{rel}","templated":true}]}}