{"id":115237,"date":"2023-11-09T17:23:16","date_gmt":"2023-11-09T09:23:16","guid":{"rendered":"https:\/\/www.mobile-well.com\/?post_type=product&#038;p=115237"},"modified":"2023-11-09T17:23:21","modified_gmt":"2023-11-09T09:23:21","slug":"auriculares-con-cancelacion-de-ruido-anc-v5-3-auriculares-inalambricos-bt-con-sonido-hifi-para-telefono-movil-tableta-pc","status":"publish","type":"product","link":"https:\/\/www.mobile-well.com\/es\/producto\/auriculares-con-cancelacion-de-ruido-anc-v5-3-auriculares-inalambricos-bt-con-sonido-hifi-para-telefono-movil-tableta-pc\/","title":{"rendered":"Auriculares con cancelaci\u00f3n de ruido ANC V5.3 auriculares inal\u00e1mbricos BT con sonido HIFI para tel\u00e9fono m\u00f3vil\/tableta\/PC"},"content":{"rendered":"","protected":false},"excerpt":{"rendered":"<ul>\n<li>Versi\u00f3n Bluetooth: Jerry Bluetooth V5.3<\/li>\n<li>Distancia de transmisi\u00f3n: 10 metros Tiempo de uso:<\/li>\n<li>Bluetooth sin ANC: unas 35 horas<\/li>\n<li>Bluetooth con ANC: unas 24 horas<\/li>\n<li>Tiempo en espera: 200 horas<\/li>\n<li>Tiempo de carga: unas 2 horas<\/li>\n<li>Interfaz de carga: Tipo-C 5V<\/li>\n<li>Capacidad de la bater\u00eda: bater\u00eda de litio recargable de 400 mAh<\/li>\n<li>Bocina: \u00d840mm<\/li>\n<li>Sensibilidad: 115\u00b13dB<\/li>\n<li>Impedancia: 32\u03a9<\/li>\n<li>Respuesta en frecuencia: 20Hz-20KHz<\/li>\n<li>Protocolo compatible: A2DP, AVRCP, HSP, HFP<\/li>\n<\/ul>\n","protected":false},"featured_media":115244,"template":"","meta":[],"product_brand":[],"product_cat":[3017],"product_tag":[9359,9358],"class_list":{"0":"post-115237","1":"product","2":"type-product","3":"status-publish","4":"has-post-thumbnail","6":"product_cat-auriculares","7":"product_tag-auriculares-inalambricos-bt","8":"product_tag-ruido-anc-v5-3-auriculares","10":"first","11":"instock","12":"shipping-taxable","13":"product-type-simple"},"jetpack_sharing_enabled":true,"_links":{"self":[{"href":"https:\/\/www.mobile-well.com\/es\/wp-json\/wp\/v2\/product\/115237","targetHints":{"allow":["GET"]}}],"collection":[{"href":"https:\/\/www.mobile-well.com\/es\/wp-json\/wp\/v2\/product"}],"about":[{"href":"https:\/\/www.mobile-well.com\/es\/wp-json\/wp\/v2\/types\/product"}],"wp:featuredmedia":[{"embeddable":true,"href":"https:\/\/www.mobile-well.com\/es\/wp-json\/wp\/v2\/media\/115244"}],"wp:attachment":[{"href":"https:\/\/www.mobile-well.com\/es\/wp-json\/wp\/v2\/media?parent=115237"}],"wp:term":[{"taxonomy":"product_brand","embeddable":true,"href":"https:\/\/www.mobile-well.com\/es\/wp-json\/wp\/v2\/product_brand?post=115237"},{"taxonomy":"product_cat","embeddable":true,"href":"https:\/\/www.mobile-well.com\/es\/wp-json\/wp\/v2\/product_cat?post=115237"},{"taxonomy":"product_tag","embeddable":true,"href":"https:\/\/www.mobile-well.com\/es\/wp-json\/wp\/v2\/product_tag?post=115237"}],"curies":[{"name":"wp","href":"https:\/\/api.w.org\/{rel}","templated":true}]}}