{"id":115254,"date":"2023-11-09T17:51:40","date_gmt":"2023-11-09T09:51:40","guid":{"rendered":"https:\/\/www.mobile-well.com\/?post_type=product&#038;p=115254"},"modified":"2023-11-09T17:51:43","modified_gmt":"2023-11-09T09:51:43","slug":"v5-3-auriculares-estereo-inalambricos-bluetooth-llamada-hd-auriculares-de-alta-fidelidad-con-pantalla-digital-y-funcion-de-banco-de-energia","status":"publish","type":"product","link":"https:\/\/www.mobile-well.com\/es\/producto\/v5-3-auriculares-estereo-inalambricos-bluetooth-llamada-hd-auriculares-de-alta-fidelidad-con-pantalla-digital-y-funcion-de-banco-de-energia\/","title":{"rendered":"V5.3 Auriculares est\u00e9reo inal\u00e1mbricos Bluetooth Llamada HD Auriculares de alta fidelidad con pantalla digital y funci\u00f3n de banco de energ\u00eda"},"content":{"rendered":"","protected":false},"excerpt":{"rendered":"<ul>\n<li>Versi\u00f3n BT: V5.3<\/li>\n<li>Distancia de transmisi\u00f3n:10M<\/li>\n<li>Tiempo de escucha:4-5H<\/li>\n<li>Tiempo de carga:Alrededor de 1-2H<\/li>\n<li>Capacidad de la bater\u00eda de los auriculares:30mAh<\/li>\n<li>Bater\u00eda del estuche de carga: 250mAh<\/li>\n<li>Puerto de carga:Puerto tipo C<\/li>\n<li>Color:Negro\u3001Rojo\u3001Verde\u3001Naranja<\/li>\n<li>Peso neto del producto (estuche de carga + auriculares):38G<\/li>\n<li>Producto G.W:69.7G<\/li>\n<li><\/li>\n<\/ul>\n","protected":false},"featured_media":115265,"template":"","meta":[],"product_brand":[],"product_cat":[3016],"product_tag":[9362,9360,9361],"class_list":{"0":"post-115254","1":"product","2":"type-product","3":"status-publish","4":"has-post-thumbnail","6":"product_cat-auriculares-bluetooth","7":"product_tag-bluetooth-llamada-hd-auriculares","8":"product_tag-v5-3-auricular-bluetooth","9":"product_tag-v5-3-auriculares-estereo-inalambricos-bluetooth","11":"first","12":"instock","13":"shipping-taxable","14":"product-type-simple"},"jetpack_sharing_enabled":true,"_links":{"self":[{"href":"https:\/\/www.mobile-well.com\/es\/wp-json\/wp\/v2\/product\/115254","targetHints":{"allow":["GET"]}}],"collection":[{"href":"https:\/\/www.mobile-well.com\/es\/wp-json\/wp\/v2\/product"}],"about":[{"href":"https:\/\/www.mobile-well.com\/es\/wp-json\/wp\/v2\/types\/product"}],"wp:featuredmedia":[{"embeddable":true,"href":"https:\/\/www.mobile-well.com\/es\/wp-json\/wp\/v2\/media\/115265"}],"wp:attachment":[{"href":"https:\/\/www.mobile-well.com\/es\/wp-json\/wp\/v2\/media?parent=115254"}],"wp:term":[{"taxonomy":"product_brand","embeddable":true,"href":"https:\/\/www.mobile-well.com\/es\/wp-json\/wp\/v2\/product_brand?post=115254"},{"taxonomy":"product_cat","embeddable":true,"href":"https:\/\/www.mobile-well.com\/es\/wp-json\/wp\/v2\/product_cat?post=115254"},{"taxonomy":"product_tag","embeddable":true,"href":"https:\/\/www.mobile-well.com\/es\/wp-json\/wp\/v2\/product_tag?post=115254"}],"curies":[{"name":"wp","href":"https:\/\/api.w.org\/{rel}","templated":true}]}}