{"id":115295,"date":"2023-11-10T11:33:50","date_gmt":"2023-11-10T03:33:50","guid":{"rendered":"https:\/\/www.mobile-well.com\/?post_type=product&#038;p=115295"},"modified":"2023-11-10T11:33:53","modified_gmt":"2023-11-10T03:33:53","slug":"nuevos-altavoces-bt-inalambricos-con-luz-rgb-y-conexion-inalambrica-radios-funcion-usb-2","status":"publish","type":"product","link":"https:\/\/www.mobile-well.com\/es\/producto\/nuevos-altavoces-bt-inalambricos-con-luz-rgb-y-conexion-inalambrica-radios-funcion-usb-2\/","title":{"rendered":"Nuevos Altavoces BT Inal\u00e1mbricos con Luz RGB y Conexi\u00f3n Inal\u00e1mbrica\/radios\/Funci\u00f3n USB"},"content":{"rendered":"","protected":false},"excerpt":{"rendered":"<ul>\n<li>Funci\u00f3n: Funci\u00f3n USB, con radio, con funci\u00f3n Bluetooth, amplificador dual de 5W, con funci\u00f3n de pareado TWS<\/li>\n<li>Unidad de altavoz: 4&#8243;x2<\/li>\n<li>Capacidad de la bater\u00eda: 1500mah<\/li>\n<li>Color: Negro<\/li>\n<li>Tama\u00f1o del producto (mm): 160*380*156<\/li>\n<li>Peso bruto: 14,78 kg<\/li>\n<\/ul>\n","protected":false},"featured_media":115298,"template":"","meta":[],"product_brand":[],"product_cat":[310],"product_tag":[9365],"class_list":{"0":"post-115295","1":"product","2":"type-product","3":"status-publish","4":"has-post-thumbnail","6":"product_cat-parlantes","7":"product_tag-altavoces-bt-inalambricos-con-luz-rgb","9":"first","10":"instock","11":"shipping-taxable","12":"product-type-simple"},"jetpack_sharing_enabled":true,"_links":{"self":[{"href":"https:\/\/www.mobile-well.com\/es\/wp-json\/wp\/v2\/product\/115295","targetHints":{"allow":["GET"]}}],"collection":[{"href":"https:\/\/www.mobile-well.com\/es\/wp-json\/wp\/v2\/product"}],"about":[{"href":"https:\/\/www.mobile-well.com\/es\/wp-json\/wp\/v2\/types\/product"}],"wp:featuredmedia":[{"embeddable":true,"href":"https:\/\/www.mobile-well.com\/es\/wp-json\/wp\/v2\/media\/115298"}],"wp:attachment":[{"href":"https:\/\/www.mobile-well.com\/es\/wp-json\/wp\/v2\/media?parent=115295"}],"wp:term":[{"taxonomy":"product_brand","embeddable":true,"href":"https:\/\/www.mobile-well.com\/es\/wp-json\/wp\/v2\/product_brand?post=115295"},{"taxonomy":"product_cat","embeddable":true,"href":"https:\/\/www.mobile-well.com\/es\/wp-json\/wp\/v2\/product_cat?post=115295"},{"taxonomy":"product_tag","embeddable":true,"href":"https:\/\/www.mobile-well.com\/es\/wp-json\/wp\/v2\/product_tag?post=115295"}],"curies":[{"name":"wp","href":"https:\/\/api.w.org\/{rel}","templated":true}]}}