{"id":115340,"date":"2023-11-10T15:28:31","date_gmt":"2023-11-10T07:28:31","guid":{"rendered":"https:\/\/www.mobile-well.com\/?post_type=product&#038;p=115340"},"modified":"2023-11-10T15:30:58","modified_gmt":"2023-11-10T07:30:58","slug":"auriculares-inalambricos-de-gama-alta-v5-3-auriculares-bluetooth-auriculares-bt-auriculares-de-alta-fidelidad-con-efectos-de-sonido","status":"publish","type":"product","link":"https:\/\/www.mobile-well.com\/es\/producto\/auriculares-inalambricos-de-gama-alta-v5-3-auriculares-bluetooth-auriculares-bt-auriculares-de-alta-fidelidad-con-efectos-de-sonido\/","title":{"rendered":"Calidad de sonido HIFI de auriculares inal\u00e1mbricos Bluetooth V5.3 de alta gama"},"content":{"rendered":"","protected":false},"excerpt":{"rendered":"<ul>\n<li>Versi\u00f3n Bluetooth: Jerry Bluetooth V5.0<\/li>\n<li>Distancia de transmisi\u00f3n: 10 metros Tiempo de uso:<\/li>\n<li>Bluetooth sin ANC: 13-16 horas<\/li>\n<li>Bluetooth con ANC: 9-10 horas<\/li>\n<li>Tiempo en espera: 200 horas<\/li>\n<li>Capacidad de la bater\u00eda: bater\u00eda de litio recargable de 550 mAh<\/li>\n<li>Funciones de los auriculares: ajustar el volumen, cambiar de canci\u00f3n, contestar llamadas, rechazar llamadas, colgar el tel\u00e9fono, reproducci\u00f3n Bluetooth, llamadas manos libres, rellamada telef\u00f3nica, Bluetooth de vuelta a la conexi\u00f3n, indicaciones de voz, pantalla de encendido, un remolque dos, funci\u00f3n de reducci\u00f3n de ruido<\/li>\n<\/ul>\n","protected":false},"featured_media":115349,"template":"","meta":[],"product_brand":[],"product_cat":[3016],"product_tag":[3761,9371],"class_list":{"0":"post-115340","1":"product","2":"type-product","3":"status-publish","4":"has-post-thumbnail","6":"product_cat-auriculares-bluetooth","7":"product_tag-auriculares-bluetooth","8":"product_tag-auriculares-inalambricos-bluetooth-v5-3","10":"first","11":"instock","12":"shipping-taxable","13":"product-type-simple"},"jetpack_sharing_enabled":true,"_links":{"self":[{"href":"https:\/\/www.mobile-well.com\/es\/wp-json\/wp\/v2\/product\/115340","targetHints":{"allow":["GET"]}}],"collection":[{"href":"https:\/\/www.mobile-well.com\/es\/wp-json\/wp\/v2\/product"}],"about":[{"href":"https:\/\/www.mobile-well.com\/es\/wp-json\/wp\/v2\/types\/product"}],"wp:featuredmedia":[{"embeddable":true,"href":"https:\/\/www.mobile-well.com\/es\/wp-json\/wp\/v2\/media\/115349"}],"wp:attachment":[{"href":"https:\/\/www.mobile-well.com\/es\/wp-json\/wp\/v2\/media?parent=115340"}],"wp:term":[{"taxonomy":"product_brand","embeddable":true,"href":"https:\/\/www.mobile-well.com\/es\/wp-json\/wp\/v2\/product_brand?post=115340"},{"taxonomy":"product_cat","embeddable":true,"href":"https:\/\/www.mobile-well.com\/es\/wp-json\/wp\/v2\/product_cat?post=115340"},{"taxonomy":"product_tag","embeddable":true,"href":"https:\/\/www.mobile-well.com\/es\/wp-json\/wp\/v2\/product_tag?post=115340"}],"curies":[{"name":"wp","href":"https:\/\/api.w.org\/{rel}","templated":true}]}}