{"id":115359,"date":"2023-11-10T16:13:19","date_gmt":"2023-11-10T08:13:19","guid":{"rendered":"https:\/\/www.mobile-well.com\/?post_type=product&#038;p=115359"},"modified":"2023-11-10T16:13:21","modified_gmt":"2023-11-10T08:13:21","slug":"diseno-transparente-auriculares-estereo-inalambricos-verdaderos-cancelacion-de-ruido-auriculares-bt-estereo-de-alta-fidelidad-auriculares-de-llamada-hd","status":"publish","type":"product","link":"https:\/\/www.mobile-well.com\/es\/producto\/diseno-transparente-auriculares-estereo-inalambricos-verdaderos-cancelacion-de-ruido-auriculares-bt-estereo-de-alta-fidelidad-auriculares-de-llamada-hd\/","title":{"rendered":"Dise\u00f1o transparente Auriculares est\u00e9reo inal\u00e1mbricos verdaderos Cancelaci\u00f3n de ruido Auriculares BT Est\u00e9reo de alta fidelidad Auriculares de llamada HD"},"content":{"rendered":"","protected":false},"excerpt":{"rendered":"<ul>\n<li>Versi\u00f3n BT: V5.2<\/li>\n<li>Distancia de transmisi\u00f3n:10M<\/li>\n<li>Tiempo de reproducci\u00f3n: 4-5H<\/li>\n<li>Tiempo de carga:1-2H<\/li>\n<li>Bater\u00eda de los auriculares:30mAh*2<\/li>\n<li>Bater\u00eda del estuche de carga: 250mAh<\/li>\n<li>Altavoz: altavoz de pel\u00edcula compuesta<\/li>\n<li>Puerto de carga: puerto Type-C<\/li>\n<li>Peso de un auricular:4G<\/li>\n<li>N.W. del producto (estuche de carga + auriculares): 43.4G<\/li>\n<li>Producto G.W.:88.6G<\/li>\n<\/ul>\n","protected":false},"featured_media":115368,"template":"","meta":[],"product_brand":[],"product_cat":[3016],"product_tag":[9375,9374],"class_list":{"0":"post-115359","1":"product","2":"type-product","3":"status-publish","4":"has-post-thumbnail","6":"product_cat-auriculares-bluetooth","7":"product_tag-auriculares-bt-estereo","8":"product_tag-diseno-transparente-auriculares-estereo","10":"first","11":"instock","12":"shipping-taxable","13":"product-type-simple"},"jetpack_sharing_enabled":true,"_links":{"self":[{"href":"https:\/\/www.mobile-well.com\/es\/wp-json\/wp\/v2\/product\/115359","targetHints":{"allow":["GET"]}}],"collection":[{"href":"https:\/\/www.mobile-well.com\/es\/wp-json\/wp\/v2\/product"}],"about":[{"href":"https:\/\/www.mobile-well.com\/es\/wp-json\/wp\/v2\/types\/product"}],"wp:featuredmedia":[{"embeddable":true,"href":"https:\/\/www.mobile-well.com\/es\/wp-json\/wp\/v2\/media\/115368"}],"wp:attachment":[{"href":"https:\/\/www.mobile-well.com\/es\/wp-json\/wp\/v2\/media?parent=115359"}],"wp:term":[{"taxonomy":"product_brand","embeddable":true,"href":"https:\/\/www.mobile-well.com\/es\/wp-json\/wp\/v2\/product_brand?post=115359"},{"taxonomy":"product_cat","embeddable":true,"href":"https:\/\/www.mobile-well.com\/es\/wp-json\/wp\/v2\/product_cat?post=115359"},{"taxonomy":"product_tag","embeddable":true,"href":"https:\/\/www.mobile-well.com\/es\/wp-json\/wp\/v2\/product_tag?post=115359"}],"curies":[{"name":"wp","href":"https:\/\/api.w.org\/{rel}","templated":true}]}}