{"id":115402,"date":"2023-11-10T17:02:25","date_gmt":"2023-11-10T09:02:25","guid":{"rendered":"https:\/\/www.mobile-well.com\/?post_type=product&#038;p=115402"},"modified":"2023-11-10T17:02:26","modified_gmt":"2023-11-10T09:02:26","slug":"nuevos-altavoces-bt-inalambricos-con-luz-rgb-y-funcion-bt-tf-usb-fm-led","status":"publish","type":"product","link":"https:\/\/www.mobile-well.com\/es\/producto\/nuevos-altavoces-bt-inalambricos-con-luz-rgb-y-funcion-bt-tf-usb-fm-led\/","title":{"rendered":"Nuevos altavoces BT inal\u00e1mbricos con luz RGB y funci\u00f3n BT\/TF\/USB\/FM\/LED"},"content":{"rendered":"","protected":false},"excerpt":{"rendered":"<ul>\n<li>Funciones: TF, USB, FM, funci\u00f3n pareado TWS, funci\u00f3n Bluetooth, luz m\u00e1gica, 5 botones, entrada MIC<\/li>\n<li>Unidad de altavoz: 4*2&#8243;<\/li>\n<li>Potencia: 5W*2<\/li>\n<li>Bater\u00eda: 1500 mAh\/3,7 V.<\/li>\n<li>De color negro<\/li>\n<li>Accesorios: cable de carga tipo c<\/li>\n<li>Tama\u00f1o del producto (mm): 160*155*375MM<\/li>\n<li>Peso neto (kg): 16,8 KG<\/li>\n<\/ul>\n","protected":false},"featured_media":115415,"template":"","meta":[],"product_brand":[],"product_cat":[310],"product_tag":[8991],"class_list":{"0":"post-115402","1":"product","2":"type-product","3":"status-publish","4":"has-post-thumbnail","6":"product_cat-parlantes","7":"product_tag-altavoces-bt-inalambricos","9":"first","10":"instock","11":"shipping-taxable","12":"product-type-simple"},"jetpack_sharing_enabled":true,"_links":{"self":[{"href":"https:\/\/www.mobile-well.com\/es\/wp-json\/wp\/v2\/product\/115402","targetHints":{"allow":["GET"]}}],"collection":[{"href":"https:\/\/www.mobile-well.com\/es\/wp-json\/wp\/v2\/product"}],"about":[{"href":"https:\/\/www.mobile-well.com\/es\/wp-json\/wp\/v2\/types\/product"}],"wp:featuredmedia":[{"embeddable":true,"href":"https:\/\/www.mobile-well.com\/es\/wp-json\/wp\/v2\/media\/115415"}],"wp:attachment":[{"href":"https:\/\/www.mobile-well.com\/es\/wp-json\/wp\/v2\/media?parent=115402"}],"wp:term":[{"taxonomy":"product_brand","embeddable":true,"href":"https:\/\/www.mobile-well.com\/es\/wp-json\/wp\/v2\/product_brand?post=115402"},{"taxonomy":"product_cat","embeddable":true,"href":"https:\/\/www.mobile-well.com\/es\/wp-json\/wp\/v2\/product_cat?post=115402"},{"taxonomy":"product_tag","embeddable":true,"href":"https:\/\/www.mobile-well.com\/es\/wp-json\/wp\/v2\/product_tag?post=115402"}],"curies":[{"name":"wp","href":"https:\/\/api.w.org\/{rel}","templated":true}]}}