{"id":115554,"date":"2023-11-27T15:46:01","date_gmt":"2023-11-27T07:46:01","guid":{"rendered":"https:\/\/www.mobile-well.com\/?post_type=product&#038;p=115554"},"modified":"2023-11-27T17:27:52","modified_gmt":"2023-11-27T09:27:52","slug":"big-hole-galvanoplastia-marco-de-la-camara-3-en-1-imd-fundas-de-telefono-movil","status":"publish","type":"product","link":"https:\/\/www.mobile-well.com\/es\/producto\/big-hole-galvanoplastia-marco-de-la-camara-3-en-1-imd-fundas-de-telefono-movil\/","title":{"rendered":"Big Hole Galvanoplastia Marco de la c\u00e1mara 3 en 1 IMD fundas de tel\u00e9fono m\u00f3vil"},"content":{"rendered":"","protected":false},"excerpt":{"rendered":"<ul>\n<li>Producto NO.:P1611-A07<\/li>\n<li>Material:TPU + ordenador personal<\/li>\n<li>Artesan\u00eda:IMD<\/li>\n<li>Cantidad m\u00ednima de pedido: 200 unidades\/modelo, 40 unidades\/color.<\/li>\n<li>Peso neto del producto: 33,20G<\/li>\n<li>Tama\u00f1o del CTN: 60*45*33 cm, 500 unidades\/caja, 16,60 KG<\/li>\n<\/ul>\n","protected":false},"featured_media":115557,"template":"","meta":[],"product_brand":[],"product_cat":[77],"product_tag":[9488,1124,2773],"class_list":{"0":"post-115554","1":"product","2":"type-product","3":"status-publish","4":"has-post-thumbnail","6":"product_cat-fundas","7":"product_tag-3-en-1-imd-fundas-de-telefono-movil","8":"product_tag-funda-tpu","9":"product_tag-funda-tpupc","11":"first","12":"instock","13":"shipping-taxable","14":"product-type-simple"},"jetpack_sharing_enabled":true,"_links":{"self":[{"href":"https:\/\/www.mobile-well.com\/es\/wp-json\/wp\/v2\/product\/115554","targetHints":{"allow":["GET"]}}],"collection":[{"href":"https:\/\/www.mobile-well.com\/es\/wp-json\/wp\/v2\/product"}],"about":[{"href":"https:\/\/www.mobile-well.com\/es\/wp-json\/wp\/v2\/types\/product"}],"wp:featuredmedia":[{"embeddable":true,"href":"https:\/\/www.mobile-well.com\/es\/wp-json\/wp\/v2\/media\/115557"}],"wp:attachment":[{"href":"https:\/\/www.mobile-well.com\/es\/wp-json\/wp\/v2\/media?parent=115554"}],"wp:term":[{"taxonomy":"product_brand","embeddable":true,"href":"https:\/\/www.mobile-well.com\/es\/wp-json\/wp\/v2\/product_brand?post=115554"},{"taxonomy":"product_cat","embeddable":true,"href":"https:\/\/www.mobile-well.com\/es\/wp-json\/wp\/v2\/product_cat?post=115554"},{"taxonomy":"product_tag","embeddable":true,"href":"https:\/\/www.mobile-well.com\/es\/wp-json\/wp\/v2\/product_tag?post=115554"}],"curies":[{"name":"wp","href":"https:\/\/api.w.org\/{rel}","templated":true}]}}