{"id":115571,"date":"2023-11-27T15:51:46","date_gmt":"2023-11-27T07:51:46","guid":{"rendered":"https:\/\/www.mobile-well.com\/?post_type=product&#038;p=115571"},"modified":"2023-11-27T17:28:04","modified_gmt":"2023-11-27T09:28:04","slug":"alta-calidad-big-hole-galvanoplastia-camara-marco-3-en-1-imd-fundas-de-telefono-movil","status":"publish","type":"product","link":"https:\/\/www.mobile-well.com\/es\/producto\/alta-calidad-big-hole-galvanoplastia-camara-marco-3-en-1-imd-fundas-de-telefono-movil\/","title":{"rendered":"Alta calidad Big Hole Galvanoplastia C\u00e1mara Marco 3 en 1 IMD fundas de tel\u00e9fono m\u00f3vil"},"content":{"rendered":"","protected":false},"excerpt":{"rendered":"<ul>\n<li>Producto NO.:P1611-A03<\/li>\n<li>Material: TPU + PC + c\u00e1mara de galvanoplastia<\/li>\n<li>Artesan\u00eda:IMD<\/li>\n<li>Cantidad m\u00ednima de pedido: 200 unidades\/modelo, 40 unidades\/color.<\/li>\n<li>Peso neto del producto: 31,90G<\/li>\n<li>Tama\u00f1o del CTN: 60*45*33 cm, 500 unidades\/caja, 15,95 KG<\/li>\n<\/ul>\n","protected":false},"featured_media":115578,"template":"","meta":[],"product_brand":[],"product_cat":[77],"product_tag":[9488,2773],"class_list":{"0":"post-115571","1":"product","2":"type-product","3":"status-publish","4":"has-post-thumbnail","6":"product_cat-fundas","7":"product_tag-3-en-1-imd-fundas-de-telefono-movil","8":"product_tag-funda-tpupc","10":"first","11":"instock","12":"shipping-taxable","13":"product-type-simple"},"jetpack_sharing_enabled":true,"_links":{"self":[{"href":"https:\/\/www.mobile-well.com\/es\/wp-json\/wp\/v2\/product\/115571","targetHints":{"allow":["GET"]}}],"collection":[{"href":"https:\/\/www.mobile-well.com\/es\/wp-json\/wp\/v2\/product"}],"about":[{"href":"https:\/\/www.mobile-well.com\/es\/wp-json\/wp\/v2\/types\/product"}],"wp:featuredmedia":[{"embeddable":true,"href":"https:\/\/www.mobile-well.com\/es\/wp-json\/wp\/v2\/media\/115578"}],"wp:attachment":[{"href":"https:\/\/www.mobile-well.com\/es\/wp-json\/wp\/v2\/media?parent=115571"}],"wp:term":[{"taxonomy":"product_brand","embeddable":true,"href":"https:\/\/www.mobile-well.com\/es\/wp-json\/wp\/v2\/product_brand?post=115571"},{"taxonomy":"product_cat","embeddable":true,"href":"https:\/\/www.mobile-well.com\/es\/wp-json\/wp\/v2\/product_cat?post=115571"},{"taxonomy":"product_tag","embeddable":true,"href":"https:\/\/www.mobile-well.com\/es\/wp-json\/wp\/v2\/product_tag?post=115571"}],"curies":[{"name":"wp","href":"https:\/\/api.w.org\/{rel}","templated":true}]}}