{"id":115618,"date":"2023-11-28T15:24:09","date_gmt":"2023-11-28T07:24:09","guid":{"rendered":"https:\/\/www.mobile-well.com\/?post_type=product&#038;p=115618"},"modified":"2023-11-28T15:24:51","modified_gmt":"2023-11-28T07:24:51","slug":"funda-protectora-para-telefono-big-hole-de-silicona-pc-con-pieza-de-hierro-magnetica-y-pelicula-para-el-objetivo","status":"publish","type":"product","link":"https:\/\/www.mobile-well.com\/es\/producto\/funda-protectora-para-telefono-big-hole-de-silicona-pc-con-pieza-de-hierro-magnetica-y-pelicula-para-el-objetivo\/","title":{"rendered":"Funda protectora para tel\u00e9fono Big Hole de silicona + PC con pieza de hierro magn\u00e9tica y pel\u00edcula para el objetivo"},"content":{"rendered":"","protected":false},"excerpt":{"rendered":"<ul>\n<li>Producto NO.:P1611-A10<\/li>\n<li>Material: silicona + ordenador<\/li>\n<li>Artesan\u00eda: moldeo por inyecci\u00f3n+inyecci\u00f3n de aceite+hoja de hierro<\/li>\n<li>Cantidad m\u00ednima de pedido: 100 unidades\/modelo, 10 unidades\/color.<\/li>\n<li>Peso bruto del producto: 48,50G<\/li>\n<li>Tama\u00f1o de la caja: 60*45*33 cm, 500 unidades\/caja, 24,25 kg<\/li>\n<\/ul>\n","protected":false},"featured_media":115633,"template":"","meta":[],"product_brand":[],"product_cat":[77],"product_tag":[9523,9522],"class_list":{"0":"post-115618","1":"product","2":"type-product","3":"status-publish","4":"has-post-thumbnail","6":"product_cat-fundas","7":"product_tag-big-hole-de-silicona-pc","8":"product_tag-funda-protectora-para-telefono","10":"first","11":"instock","12":"shipping-taxable","13":"product-type-simple"},"jetpack_sharing_enabled":true,"_links":{"self":[{"href":"https:\/\/www.mobile-well.com\/es\/wp-json\/wp\/v2\/product\/115618","targetHints":{"allow":["GET"]}}],"collection":[{"href":"https:\/\/www.mobile-well.com\/es\/wp-json\/wp\/v2\/product"}],"about":[{"href":"https:\/\/www.mobile-well.com\/es\/wp-json\/wp\/v2\/types\/product"}],"wp:featuredmedia":[{"embeddable":true,"href":"https:\/\/www.mobile-well.com\/es\/wp-json\/wp\/v2\/media\/115633"}],"wp:attachment":[{"href":"https:\/\/www.mobile-well.com\/es\/wp-json\/wp\/v2\/media?parent=115618"}],"wp:term":[{"taxonomy":"product_brand","embeddable":true,"href":"https:\/\/www.mobile-well.com\/es\/wp-json\/wp\/v2\/product_brand?post=115618"},{"taxonomy":"product_cat","embeddable":true,"href":"https:\/\/www.mobile-well.com\/es\/wp-json\/wp\/v2\/product_cat?post=115618"},{"taxonomy":"product_tag","embeddable":true,"href":"https:\/\/www.mobile-well.com\/es\/wp-json\/wp\/v2\/product_tag?post=115618"}],"curies":[{"name":"wp","href":"https:\/\/api.w.org\/{rel}","templated":true}]}}