{"id":115637,"date":"2023-11-28T15:46:48","date_gmt":"2023-11-28T07:46:48","guid":{"rendered":"https:\/\/www.mobile-well.com\/?post_type=product&#038;p=115637"},"modified":"2023-11-29T16:18:36","modified_gmt":"2023-11-29T08:18:36","slug":"venta-al-mayor-soporte-de-hardwarepelicula-de-lente-tpupc-2-en-1-funda-de-telefono-con-atraccion-magnetica","status":"publish","type":"product","link":"https:\/\/www.mobile-well.com\/es\/producto\/venta-al-mayor-soporte-de-hardwarepelicula-de-lente-tpupc-2-en-1-funda-de-telefono-con-atraccion-magnetica\/","title":{"rendered":"Venta al Mayor Soporte de Hardware+Pel\u00edcula de Lente TPU+PC 2 en 1 Funda de Tel\u00e9fono con Atracci\u00f3n Magn\u00e9tica"},"content":{"rendered":"","protected":false},"excerpt":{"rendered":"<ul>\n<li>Producto NO.:P1611-A01<\/li>\n<li>Material:TPU + ordenador personal<\/li>\n<li>Artesan\u00eda: moldeo por inyecci\u00f3n+inyecci\u00f3n de aceite.<\/li>\n<li>Cantidad m\u00ednima de pedido: 10 unidades\/modelo, 10 unidades\/color.<\/li>\n<li>Peso neto del producto: 55,10G<\/li>\n<li>Tama\u00f1o de la caja: 60*45*33 cm, 500 unidades\/caja, 27,55 kg<\/li>\n<\/ul>\n","protected":false},"featured_media":115648,"template":"","meta":[],"product_brand":[],"product_cat":[77],"product_tag":[1315,9524],"class_list":{"0":"post-115637","1":"product","2":"type-product","3":"status-publish","4":"has-post-thumbnail","6":"product_cat-fundas","7":"product_tag-funda-2-en-1-2","8":"product_tag-tpupc-2-en-1-funda-de-telefono","10":"first","11":"instock","12":"shipping-taxable","13":"product-type-simple"},"jetpack_sharing_enabled":true,"_links":{"self":[{"href":"https:\/\/www.mobile-well.com\/es\/wp-json\/wp\/v2\/product\/115637","targetHints":{"allow":["GET"]}}],"collection":[{"href":"https:\/\/www.mobile-well.com\/es\/wp-json\/wp\/v2\/product"}],"about":[{"href":"https:\/\/www.mobile-well.com\/es\/wp-json\/wp\/v2\/types\/product"}],"wp:featuredmedia":[{"embeddable":true,"href":"https:\/\/www.mobile-well.com\/es\/wp-json\/wp\/v2\/media\/115648"}],"wp:attachment":[{"href":"https:\/\/www.mobile-well.com\/es\/wp-json\/wp\/v2\/media?parent=115637"}],"wp:term":[{"taxonomy":"product_brand","embeddable":true,"href":"https:\/\/www.mobile-well.com\/es\/wp-json\/wp\/v2\/product_brand?post=115637"},{"taxonomy":"product_cat","embeddable":true,"href":"https:\/\/www.mobile-well.com\/es\/wp-json\/wp\/v2\/product_cat?post=115637"},{"taxonomy":"product_tag","embeddable":true,"href":"https:\/\/www.mobile-well.com\/es\/wp-json\/wp\/v2\/product_tag?post=115637"}],"curies":[{"name":"wp","href":"https:\/\/api.w.org\/{rel}","templated":true}]}}