{"id":115670,"date":"2023-11-28T16:22:47","date_gmt":"2023-11-28T08:22:47","guid":{"rendered":"https:\/\/www.mobile-well.com\/?post_type=product&#038;p=115670"},"modified":"2023-11-28T16:22:48","modified_gmt":"2023-11-28T08:22:48","slug":"funda-impermeable-de-siliconapc-de-alta-calidad-con-orificio-grande-y-pelicula-para-el-objetivo","status":"publish","type":"product","link":"https:\/\/www.mobile-well.com\/es\/producto\/funda-impermeable-de-siliconapc-de-alta-calidad-con-orificio-grande-y-pelicula-para-el-objetivo\/","title":{"rendered":"Funda impermeable de silicona+PC de alta calidad con orificio grande y pel\u00edcula para el objetivo"},"content":{"rendered":"","protected":false},"excerpt":{"rendered":"<ul>\n<li>Producto NO.:P1611-A11<\/li>\n<li>Material: silicona + ordenador<\/li>\n<li>Artesan\u00eda: moldeo por inyecci\u00f3n + inyecci\u00f3n de aceite<\/li>\n<li>Cantidad m\u00ednima de pedido: 100 unidades\/modelo, 10 unidades\/color.<\/li>\n<li>Peso bruto del producto: 45,40G<\/li>\n<li>Tama\u00f1o de la caja: 60*45*33 cm, 500 unidades\/caja, 22,70 kg<\/li>\n<\/ul>\n","protected":false},"featured_media":115679,"template":"","meta":[],"product_brand":[],"product_cat":[77],"product_tag":[9527],"class_list":{"0":"post-115670","1":"product","2":"type-product","3":"status-publish","4":"has-post-thumbnail","6":"product_cat-fundas","7":"product_tag-funda-impermeable-de-siliconapc","9":"first","10":"instock","11":"shipping-taxable","12":"product-type-simple"},"jetpack_sharing_enabled":true,"_links":{"self":[{"href":"https:\/\/www.mobile-well.com\/es\/wp-json\/wp\/v2\/product\/115670","targetHints":{"allow":["GET"]}}],"collection":[{"href":"https:\/\/www.mobile-well.com\/es\/wp-json\/wp\/v2\/product"}],"about":[{"href":"https:\/\/www.mobile-well.com\/es\/wp-json\/wp\/v2\/types\/product"}],"wp:featuredmedia":[{"embeddable":true,"href":"https:\/\/www.mobile-well.com\/es\/wp-json\/wp\/v2\/media\/115679"}],"wp:attachment":[{"href":"https:\/\/www.mobile-well.com\/es\/wp-json\/wp\/v2\/media?parent=115670"}],"wp:term":[{"taxonomy":"product_brand","embeddable":true,"href":"https:\/\/www.mobile-well.com\/es\/wp-json\/wp\/v2\/product_brand?post=115670"},{"taxonomy":"product_cat","embeddable":true,"href":"https:\/\/www.mobile-well.com\/es\/wp-json\/wp\/v2\/product_cat?post=115670"},{"taxonomy":"product_tag","embeddable":true,"href":"https:\/\/www.mobile-well.com\/es\/wp-json\/wp\/v2\/product_tag?post=115670"}],"curies":[{"name":"wp","href":"https:\/\/api.w.org\/{rel}","templated":true}]}}