{"id":115698,"date":"2023-11-28T16:55:47","date_gmt":"2023-11-28T08:55:47","guid":{"rendered":"https:\/\/www.mobile-well.com\/?post_type=product&#038;p=115698"},"modified":"2023-11-28T16:55:49","modified_gmt":"2023-11-28T08:55:49","slug":"big-hole-tpupc-2-en-1-funda-para-telefono-con-soportes-magneticos-y-pelicula-para-lente","status":"publish","type":"product","link":"https:\/\/www.mobile-well.com\/es\/producto\/big-hole-tpupc-2-en-1-funda-para-telefono-con-soportes-magneticos-y-pelicula-para-lente\/","title":{"rendered":"Big Hole TPU+PC 2 en 1 Funda Para Tel\u00e9fono Con Soportes Magn\u00e9ticos Y Pel\u00edcula Para Lente"},"content":{"rendered":"","protected":false},"excerpt":{"rendered":"<ul>\n<li>Producto NO.:P1611-A02<\/li>\n<li>Material:TPU + ordenador personal<\/li>\n<li>Artesan\u00eda: moldeo por inyecci\u00f3n+inyecci\u00f3n de aceite.<\/li>\n<li>Cantidad m\u00ednima de pedido: 10 unidades\/modelo, 10 unidades\/color.<\/li>\n<li>Peso neto del producto: 57,40G<\/li>\n<li>Tama\u00f1o de la caja: 60*45*33 cm, 500 unidades\/caja, 28,70 kg<\/li>\n<\/ul>\n","protected":false},"featured_media":115705,"template":"","meta":[],"product_brand":[],"product_cat":[77],"product_tag":[8689,1315,2773],"class_list":{"0":"post-115698","1":"product","2":"type-product","3":"status-publish","4":"has-post-thumbnail","6":"product_cat-fundas","7":"product_tag-2-en-1-funda-para-telefono","8":"product_tag-funda-2-en-1-2","9":"product_tag-funda-tpupc","11":"first","12":"instock","13":"shipping-taxable","14":"product-type-simple"},"jetpack_sharing_enabled":true,"_links":{"self":[{"href":"https:\/\/www.mobile-well.com\/es\/wp-json\/wp\/v2\/product\/115698","targetHints":{"allow":["GET"]}}],"collection":[{"href":"https:\/\/www.mobile-well.com\/es\/wp-json\/wp\/v2\/product"}],"about":[{"href":"https:\/\/www.mobile-well.com\/es\/wp-json\/wp\/v2\/types\/product"}],"wp:featuredmedia":[{"embeddable":true,"href":"https:\/\/www.mobile-well.com\/es\/wp-json\/wp\/v2\/media\/115705"}],"wp:attachment":[{"href":"https:\/\/www.mobile-well.com\/es\/wp-json\/wp\/v2\/media?parent=115698"}],"wp:term":[{"taxonomy":"product_brand","embeddable":true,"href":"https:\/\/www.mobile-well.com\/es\/wp-json\/wp\/v2\/product_brand?post=115698"},{"taxonomy":"product_cat","embeddable":true,"href":"https:\/\/www.mobile-well.com\/es\/wp-json\/wp\/v2\/product_cat?post=115698"},{"taxonomy":"product_tag","embeddable":true,"href":"https:\/\/www.mobile-well.com\/es\/wp-json\/wp\/v2\/product_tag?post=115698"}],"curies":[{"name":"wp","href":"https:\/\/api.w.org\/{rel}","templated":true}]}}