{"id":115715,"date":"2023-11-29T14:47:56","date_gmt":"2023-11-29T06:47:56","guid":{"rendered":"https:\/\/www.mobile-well.com\/?post_type=product&#038;p=115715"},"modified":"2023-11-29T16:18:19","modified_gmt":"2023-11-29T08:18:19","slug":"nueva-gran-ventana-de-silicona-pc-con-funda-de-telefono-impermeable-magnetico","status":"publish","type":"product","link":"https:\/\/www.mobile-well.com\/es\/producto\/nueva-gran-ventana-de-silicona-pc-con-funda-de-telefono-impermeable-magnetico\/","title":{"rendered":"Nueva gran ventana de silicona + PC con funda de tel\u00e9fono impermeable magn\u00e9tico"},"content":{"rendered":"","protected":false},"excerpt":{"rendered":"<ul>\n<li>Producto NO.:P1611-A13<\/li>\n<li>Material: silicona + ordenador<\/li>\n<li>Artesan\u00eda: moldeo por inyecci\u00f3n+inyecci\u00f3n de aceite+Acr\u00edlico<\/li>\n<li>Cantidad m\u00ednima de pedido: 100 unidades\/modelo, 10 unidades\/color.<\/li>\n<\/ul>\n","protected":false},"featured_media":115718,"template":"","meta":[],"product_brand":[],"product_cat":[77],"product_tag":[9530,9529],"class_list":{"0":"post-115715","1":"product","2":"type-product","3":"status-publish","4":"has-post-thumbnail","6":"product_cat-fundas","7":"product_tag-funda-de-telefono-impermeable-magnetico","8":"product_tag-funda-telefono","10":"first","11":"instock","12":"shipping-taxable","13":"product-type-simple"},"jetpack_sharing_enabled":true,"_links":{"self":[{"href":"https:\/\/www.mobile-well.com\/es\/wp-json\/wp\/v2\/product\/115715","targetHints":{"allow":["GET"]}}],"collection":[{"href":"https:\/\/www.mobile-well.com\/es\/wp-json\/wp\/v2\/product"}],"about":[{"href":"https:\/\/www.mobile-well.com\/es\/wp-json\/wp\/v2\/types\/product"}],"wp:featuredmedia":[{"embeddable":true,"href":"https:\/\/www.mobile-well.com\/es\/wp-json\/wp\/v2\/media\/115718"}],"wp:attachment":[{"href":"https:\/\/www.mobile-well.com\/es\/wp-json\/wp\/v2\/media?parent=115715"}],"wp:term":[{"taxonomy":"product_brand","embeddable":true,"href":"https:\/\/www.mobile-well.com\/es\/wp-json\/wp\/v2\/product_brand?post=115715"},{"taxonomy":"product_cat","embeddable":true,"href":"https:\/\/www.mobile-well.com\/es\/wp-json\/wp\/v2\/product_cat?post=115715"},{"taxonomy":"product_tag","embeddable":true,"href":"https:\/\/www.mobile-well.com\/es\/wp-json\/wp\/v2\/product_tag?post=115715"}],"curies":[{"name":"wp","href":"https:\/\/api.w.org\/{rel}","templated":true}]}}