{"id":115734,"date":"2023-11-29T15:01:08","date_gmt":"2023-11-29T07:01:08","guid":{"rendered":"https:\/\/www.mobile-well.com\/?post_type=product&#038;p=115734"},"modified":"2023-11-29T15:02:10","modified_gmt":"2023-11-29T07:02:10","slug":"mayoristas-tpu-acrilico-de-alta-transparencia-de-moldeo-por-inyeccion-con-funda-de-telefono-magnetico","status":"publish","type":"product","link":"https:\/\/www.mobile-well.com\/es\/producto\/mayoristas-tpu-acrilico-de-alta-transparencia-de-moldeo-por-inyeccion-con-funda-de-telefono-magnetico\/","title":{"rendered":"Mayoristas TPU + acr\u00edlico de alta transparencia de moldeo por inyecci\u00f3n con funda de tel\u00e9fono magn\u00e9tico"},"content":{"rendered":"","protected":false},"excerpt":{"rendered":"<ul>\n<li>Producto NO.:P1611-A15<\/li>\n<li>Material:TPU+Acr\u00edlico<\/li>\n<li>Artesan\u00eda: moldeo por inyecci\u00f3n<\/li>\n<li>Cantidad m\u00ednima de pedido: 10 unidades\/modelo, 10 unidades\/color.<\/li>\n<\/ul>\n","protected":false},"featured_media":115757,"template":"","meta":[],"product_brand":[],"product_cat":[77],"product_tag":[9531],"class_list":{"0":"post-115734","1":"product","2":"type-product","3":"status-publish","4":"has-post-thumbnail","6":"product_cat-fundas","7":"product_tag-funda-de-telefono-magnetico","9":"first","10":"instock","11":"shipping-taxable","12":"product-type-simple"},"jetpack_sharing_enabled":true,"_links":{"self":[{"href":"https:\/\/www.mobile-well.com\/es\/wp-json\/wp\/v2\/product\/115734","targetHints":{"allow":["GET"]}}],"collection":[{"href":"https:\/\/www.mobile-well.com\/es\/wp-json\/wp\/v2\/product"}],"about":[{"href":"https:\/\/www.mobile-well.com\/es\/wp-json\/wp\/v2\/types\/product"}],"wp:featuredmedia":[{"embeddable":true,"href":"https:\/\/www.mobile-well.com\/es\/wp-json\/wp\/v2\/media\/115757"}],"wp:attachment":[{"href":"https:\/\/www.mobile-well.com\/es\/wp-json\/wp\/v2\/media?parent=115734"}],"wp:term":[{"taxonomy":"product_brand","embeddable":true,"href":"https:\/\/www.mobile-well.com\/es\/wp-json\/wp\/v2\/product_brand?post=115734"},{"taxonomy":"product_cat","embeddable":true,"href":"https:\/\/www.mobile-well.com\/es\/wp-json\/wp\/v2\/product_cat?post=115734"},{"taxonomy":"product_tag","embeddable":true,"href":"https:\/\/www.mobile-well.com\/es\/wp-json\/wp\/v2\/product_tag?post=115734"}],"curies":[{"name":"wp","href":"https:\/\/api.w.org\/{rel}","templated":true}]}}