{"id":115778,"date":"2023-11-29T15:46:05","date_gmt":"2023-11-29T07:46:05","guid":{"rendered":"https:\/\/www.mobile-well.com\/?post_type=product&#038;p=115778"},"modified":"2023-11-29T16:17:47","modified_gmt":"2023-11-29T08:17:47","slug":"alta-calidad-big-hole-tpu-color-pc-marco-impermeable-fundas-de-telefono-movil-con-la-pelicula-de-la-lente","status":"publish","type":"product","link":"https:\/\/www.mobile-well.com\/es\/producto\/alta-calidad-big-hole-tpu-color-pc-marco-impermeable-fundas-de-telefono-movil-con-la-pelicula-de-la-lente\/","title":{"rendered":"Alta calidad Big Hole TPU + Color PC Marco impermeable fundas de tel\u00e9fono m\u00f3vil con la pel\u00edcula de la lente"},"content":{"rendered":"","protected":false},"excerpt":{"rendered":"<ul>\n<li>Producto NO.:P1611-A09<\/li>\n<li>Material:TPU + marco de PC<\/li>\n<li>Artesan\u00eda: inyecci\u00f3n de aceite<\/li>\n<\/ul>\n","protected":false},"featured_media":115787,"template":"","meta":[],"product_brand":[],"product_cat":[77],"product_tag":[2773,9534],"class_list":{"0":"post-115778","1":"product","2":"type-product","3":"status-publish","4":"has-post-thumbnail","6":"product_cat-fundas","7":"product_tag-funda-tpupc","8":"product_tag-impermeable-fundas-de-telefono","10":"first","11":"instock","12":"shipping-taxable","13":"product-type-simple"},"jetpack_sharing_enabled":true,"_links":{"self":[{"href":"https:\/\/www.mobile-well.com\/es\/wp-json\/wp\/v2\/product\/115778","targetHints":{"allow":["GET"]}}],"collection":[{"href":"https:\/\/www.mobile-well.com\/es\/wp-json\/wp\/v2\/product"}],"about":[{"href":"https:\/\/www.mobile-well.com\/es\/wp-json\/wp\/v2\/types\/product"}],"wp:featuredmedia":[{"embeddable":true,"href":"https:\/\/www.mobile-well.com\/es\/wp-json\/wp\/v2\/media\/115787"}],"wp:attachment":[{"href":"https:\/\/www.mobile-well.com\/es\/wp-json\/wp\/v2\/media?parent=115778"}],"wp:term":[{"taxonomy":"product_brand","embeddable":true,"href":"https:\/\/www.mobile-well.com\/es\/wp-json\/wp\/v2\/product_brand?post=115778"},{"taxonomy":"product_cat","embeddable":true,"href":"https:\/\/www.mobile-well.com\/es\/wp-json\/wp\/v2\/product_cat?post=115778"},{"taxonomy":"product_tag","embeddable":true,"href":"https:\/\/www.mobile-well.com\/es\/wp-json\/wp\/v2\/product_tag?post=115778"}],"curies":[{"name":"wp","href":"https:\/\/api.w.org\/{rel}","templated":true}]}}