{"id":115930,"date":"2023-12-04T17:10:02","date_gmt":"2023-12-04T09:10:02","guid":{"rendered":"https:\/\/www.mobile-well.com\/?post_type=product&#038;p=115930"},"modified":"2023-12-04T17:14:02","modified_gmt":"2023-12-04T09:14:02","slug":"bt-k5-nuevo-altavoz-portatil-con-microfono-practico-y-ligero-inalambrico-rgb","status":"publish","type":"product","link":"https:\/\/www.mobile-well.com\/es\/producto\/bt-k5-nuevo-altavoz-portatil-con-microfono-practico-y-ligero-inalambrico-rgb\/","title":{"rendered":"BT-K5 Nuevo altavoz port\u00e1til con micr\u00f3fono pr\u00e1ctico y ligero inal\u00e1mbrico RGB"},"content":{"rendered":"","protected":false},"excerpt":{"rendered":"<ul>\n<li>Modelo: BT-K5 trigo \u00fanico<\/li>\n<li>Color: blanquecino\/rosa\/azul<\/li>\n<li>Funci\u00f3n: BT\/TF\/USB\/AUX\/LED<\/li>\n<li>Tama\u00f1o del producto: 137*92*92MM<\/li>\n<\/ul>\n","protected":false},"featured_media":115935,"template":"","meta":[],"product_brand":[],"product_cat":[310],"product_tag":[9566],"class_list":{"0":"post-115930","1":"product","2":"type-product","3":"status-publish","4":"has-post-thumbnail","6":"product_cat-parlantes","7":"product_tag-altavoz-portatil-con-microfono","9":"first","10":"instock","11":"shipping-taxable","12":"product-type-simple"},"jetpack_sharing_enabled":true,"_links":{"self":[{"href":"https:\/\/www.mobile-well.com\/es\/wp-json\/wp\/v2\/product\/115930","targetHints":{"allow":["GET"]}}],"collection":[{"href":"https:\/\/www.mobile-well.com\/es\/wp-json\/wp\/v2\/product"}],"about":[{"href":"https:\/\/www.mobile-well.com\/es\/wp-json\/wp\/v2\/types\/product"}],"wp:featuredmedia":[{"embeddable":true,"href":"https:\/\/www.mobile-well.com\/es\/wp-json\/wp\/v2\/media\/115935"}],"wp:attachment":[{"href":"https:\/\/www.mobile-well.com\/es\/wp-json\/wp\/v2\/media?parent=115930"}],"wp:term":[{"taxonomy":"product_brand","embeddable":true,"href":"https:\/\/www.mobile-well.com\/es\/wp-json\/wp\/v2\/product_brand?post=115930"},{"taxonomy":"product_cat","embeddable":true,"href":"https:\/\/www.mobile-well.com\/es\/wp-json\/wp\/v2\/product_cat?post=115930"},{"taxonomy":"product_tag","embeddable":true,"href":"https:\/\/www.mobile-well.com\/es\/wp-json\/wp\/v2\/product_tag?post=115930"}],"curies":[{"name":"wp","href":"https:\/\/api.w.org\/{rel}","templated":true}]}}