{"id":116162,"date":"2023-12-06T17:06:28","date_gmt":"2023-12-06T09:06:28","guid":{"rendered":"https:\/\/www.mobile-well.com\/?post_type=product&#038;p=116162"},"modified":"2023-12-06T17:06:34","modified_gmt":"2023-12-06T09:06:34","slug":"jm10-gamer-tws-auriculares-inalambricos-5-3-auriculares-para-juegos-auriculares-intrauditivos-de-musica-estereo","status":"publish","type":"product","link":"https:\/\/www.mobile-well.com\/es\/producto\/jm10-gamer-tws-auriculares-inalambricos-5-3-auriculares-para-juegos-auriculares-intrauditivos-de-musica-estereo\/","title":{"rendered":"JM10 Gamer TWS Auriculares inal\u00e1mbricos 5.3 Auriculares para juegos Auriculares intrauditivos de m\u00fasica est\u00e9reo"},"content":{"rendered":"","protected":false},"excerpt":{"rendered":"<ul>\n<li>Tiempo de carga de auriculares: 45min<\/li>\n<li>Tiempo de carga en almacenamiento: 1,2 horas<\/li>\n<li>Tiempo de uso \u00fanico de los auriculares: 4-5 horas<\/li>\n<li>N\u00famero de veces que se pueden cargar los auriculares: aproximadamente 3-4 veces<\/li>\n<li>Color: negro, beige<\/li>\n<\/ul>\n","protected":false},"featured_media":116177,"template":"","meta":[],"product_brand":[],"product_cat":[3016],"product_tag":[9625,9624],"class_list":{"0":"post-116162","1":"product","2":"type-product","3":"status-publish","4":"has-post-thumbnail","6":"product_cat-auriculares-bluetooth","7":"product_tag-5-3-auriculares-para-juegos-auriculares","8":"product_tag-tws-auriculares-inalambricos","10":"first","11":"instock","12":"shipping-taxable","13":"product-type-simple"},"jetpack_sharing_enabled":true,"_links":{"self":[{"href":"https:\/\/www.mobile-well.com\/es\/wp-json\/wp\/v2\/product\/116162","targetHints":{"allow":["GET"]}}],"collection":[{"href":"https:\/\/www.mobile-well.com\/es\/wp-json\/wp\/v2\/product"}],"about":[{"href":"https:\/\/www.mobile-well.com\/es\/wp-json\/wp\/v2\/types\/product"}],"wp:featuredmedia":[{"embeddable":true,"href":"https:\/\/www.mobile-well.com\/es\/wp-json\/wp\/v2\/media\/116177"}],"wp:attachment":[{"href":"https:\/\/www.mobile-well.com\/es\/wp-json\/wp\/v2\/media?parent=116162"}],"wp:term":[{"taxonomy":"product_brand","embeddable":true,"href":"https:\/\/www.mobile-well.com\/es\/wp-json\/wp\/v2\/product_brand?post=116162"},{"taxonomy":"product_cat","embeddable":true,"href":"https:\/\/www.mobile-well.com\/es\/wp-json\/wp\/v2\/product_cat?post=116162"},{"taxonomy":"product_tag","embeddable":true,"href":"https:\/\/www.mobile-well.com\/es\/wp-json\/wp\/v2\/product_tag?post=116162"}],"curies":[{"name":"wp","href":"https:\/\/api.w.org\/{rel}","templated":true}]}}